{"id":90,"date":"2011-10-10T21:15:07","date_gmt":"2011-10-10T21:15:07","guid":{"rendered":"http:\/\/www.signosis.openworks.gr\/wastereuse\/?page_id=90"},"modified":"2012-03-01T14:28:02","modified_gmt":"2012-03-01T14:28:02","slug":"signosis-sprl","status":"publish","type":"page","link":"https:\/\/fr.wastereuse.eu\/?page_id=90","title":{"rendered":"Signosis Sprl"},"content":{"rendered":"<p><strong><a href=\"http:\/\/www.wastereuse.eu\/wp-content\/uploads\/2011\/10\/signosis.png\"><img decoding=\"async\" loading=\"lazy\" class=\"alignleft size-medium wp-image-120\" title=\"signosis\" src=\"http:\/\/www.wastereuse.eu\/wp-content\/uploads\/2011\/10\/signosis-300x82.png\" alt=\"\" width=\"300\" height=\"82\" srcset=\"https:\/\/fr.wastereuse.eu\/wp-content\/uploads\/2011\/10\/signosis-300x82.png 300w, https:\/\/fr.wastereuse.eu\/wp-content\/uploads\/2011\/10\/signosis-1024x281.png 1024w, https:\/\/fr.wastereuse.eu\/wp-content\/uploads\/2011\/10\/signosis.png 1758w\" sizes=\"(max-width: 300px) 100vw, 300px\" \/><\/a>\u00a0Signosis Sprl.<\/strong> (<a href=\"http:\/\/www.signosis.eu\/\">www.signosis.eu<\/a>) est une soci\u00e9t\u00e9 de conseil et de recherche innovante, cr\u00e9\u00e9e en Belgique. Signosis dispose d\u2019un savoir-faire diversifi\u00e9 et approfondi en mati\u00e8re de conception et de gestion de projets R&amp;D, et offre des services de conseil allant des Technologies de l\u2019Information et de la Communication (TIC) \u00e0 la politique sociale et au d\u00e9veloppement durable,\u00a0 ainsi qu\u2019\u00e0 d\u2019autres disciplines ax\u00e9es sur la promotion et la mise \u0153uvre de l\u2019innovation au sein des entreprises et des organismes publics. La soci\u00e9t\u00e9, bas\u00e9e \u00e0 Bruxelles, en Belgique, a plusieurs ann\u00e9es d\u2019exp\u00e9rience dans le domaine du Management et du Conseil, et dispose d\u2019un vaste r\u00e9seau de professionnels et d\u2019experts venus des quatre coins d\u2019Europe. Signosis est active dans la gestion de projets internationaux, la r\u00e9alisation d\u2019activit\u00e9s de recherche et de programmes, ainsi que la mise en \u0153uvre d\u2019\u00e9tudes et d\u2019\u00e9valuations. Ses clients potentiels sont les minist\u00e8res, les d\u00e9partements des collectivit\u00e9s locales, les organisations publiques, les ONG et les entreprises priv\u00e9es qui d\u00e9sirent obtenir des services de haute qualit\u00e9 et int\u00e9grit\u00e9. Signosis effectue des recherches et fournit des services innovants au plus haut niveau de professionnalisme et d\u2019engagement. Cette capacit\u00e9 \u00e9mane de sa longue exp\u00e9rience et de son savoir-faire en mati\u00e8re de gestion de projets au niveau international, associ\u00e9 \u00e0 sa conviction que la connaissance est non seulement une force, mais bel et bien l\u2019\u00e9picentre de toute strat\u00e9gie d\u2019entreprise.\u00a0 Signosis ambitionne de devenir la soci\u00e9t\u00e9 la plus innovante en mati\u00e8re de gestion des savoirs en tant que mati\u00e8re premi\u00e8re. Le but de notre soci\u00e9t\u00e9 est d\u2018explorer et de d\u00e9velopper tous les m\u00e9canismes et les pratiques novatrices n\u00e9cessaires pour r\u00e9aliser notre objectif de gestion des connaissances de mani\u00e8re coh\u00e9rente, opportune et efficace.<\/p>\n","protected":false},"excerpt":{"rendered":"<p>\u00a0Signosis Sprl. (www.signosis.eu) est une soci\u00e9t\u00e9 de conseil et de recherche innovante, cr\u00e9\u00e9e en Belgique. Signosis dispose d\u2019un savoir-faire diversifi\u00e9 et approfondi en mati\u00e8re de conception et de gestion de projets R&amp;D, et offre des services de conseil allant des Technologies de l\u2019Information et de la Communication (TIC) \u00e0 la politique sociale et au d\u00e9veloppement [&hellip;]<\/p>\n","protected":false},"author":1,"featured_media":0,"parent":24,"menu_order":0,"comment_status":"open","ping_status":"open","template":"","meta":[],"_links":{"self":[{"href":"https:\/\/fr.wastereuse.eu\/index.php?rest_route=\/wp\/v2\/pages\/90"}],"collection":[{"href":"https:\/\/fr.wastereuse.eu\/index.php?rest_route=\/wp\/v2\/pages"}],"about":[{"href":"https:\/\/fr.wastereuse.eu\/index.php?rest_route=\/wp\/v2\/types\/page"}],"author":[{"embeddable":true,"href":"https:\/\/fr.wastereuse.eu\/index.php?rest_route=\/wp\/v2\/users\/1"}],"replies":[{"embeddable":true,"href":"https:\/\/fr.wastereuse.eu\/index.php?rest_route=%2Fwp%2Fv2%2Fcomments&post=90"}],"version-history":[{"count":4,"href":"https:\/\/fr.wastereuse.eu\/index.php?rest_route=\/wp\/v2\/pages\/90\/revisions"}],"predecessor-version":[{"id":93,"href":"https:\/\/fr.wastereuse.eu\/index.php?rest_route=\/wp\/v2\/pages\/90\/revisions\/93"}],"up":[{"embeddable":true,"href":"https:\/\/fr.wastereuse.eu\/index.php?rest_route=\/wp\/v2\/pages\/24"}],"wp:attachment":[{"href":"https:\/\/fr.wastereuse.eu\/index.php?rest_route=%2Fwp%2Fv2%2Fmedia&parent=90"}],"curies":[{"name":"wp","href":"https:\/\/api.w.org\/{rel}","templated":true}]}}