{"id":87,"date":"2011-10-10T21:14:09","date_gmt":"2011-10-10T21:14:09","guid":{"rendered":"http:\/\/www.signosis.openworks.gr\/wastereuse\/?page_id=87"},"modified":"2012-03-01T14:27:00","modified_gmt":"2012-03-01T14:27:00","slug":"azienda-speciale-per-la-formazione-professionale-e-la-promozione-tecnologica-e-commerciale-della-camera-di-commercio-industria-e-agricultura-di-savona-laboratorio-chimico-cciaa","status":"publish","type":"page","link":"https:\/\/fr.wastereuse.eu\/?page_id=87","title":{"rendered":"Laboratorio Chimico CCIAA"},"content":{"rendered":"<p><strong>Service sp\u00e9cial pour la Formation professionnelle et la Promotion de la Technologie et du Commerce de la Chambre de Commerce, d\u2019Industrie, d\u2019Artisanat et d\u2019Agriculture de Savone. <\/strong><\/p>\n<p>Le laboratoire de la Chambre de Commerce de Savone est dot\u00e9 d\u2019un personnel scientifique hautement qualifi\u00e9. Il dispose d\u2019une infrastructure moderne et est h\u00e9berg\u00e9 dans des\u00a0\u00a0 installations de la Chambre de Commerce de Savone.<\/p>\n<p>Ses actions sont ax\u00e9es sur le d\u00e9veloppement d\u2019innovations visant \u00e0 mettre en place une agriculture dynamique et comp\u00e9titive, \u00e0 prot\u00e9ger l\u2019environnement et \u00e0 produire des produits de haute qualit\u00e9 et en quantit\u00e9 suffisante pour satisfaire aux besoins des consommateurs.<\/p>\n<p>Le laboratoire d\u00e9veloppe des actions favorisant essentiellement le d\u00e9veloppement des Petites et Moyennes Entreprises, en mati\u00e8re de qualit\u00e9 des plantes aromatiques et ornementales et des l\u00e9gumes, et participe activement aux secteurs de recherche de pointe, tels que\u00a0:<\/p>\n<ul>\n<li>L\u2019environnement : qualit\u00e9 de l\u2019eau, du sol, des engrais, des solutions nutritives pour les cultures<\/li>\n<li>Les aliments : r\u00e9sidus de pesticides, huile d\u2019olive, vin, lait, etc.<\/li>\n<li>Atmosph\u00e8re : polluants, milieu de travail<\/li>\n<li>Microbiologie : eau, aliments<\/li>\n<\/ul>\n<p>En outre, l\u2019accr\u00e9ditation des laboratoires selon la norme ISO 17025 pour pr\u00e8s de 80 m\u00e9thodes d\u2019analyse garantit la pr\u00e9cision des r\u00e9sultats d\u2019analyse. Les \u00e9quipes scientifiques et de recherche du centre ont particip\u00e9 \u00e0 de nombreux programmes communautaires et \u00e0 des actions de d\u00e9monstration, en collaboration avec l\u2019Institut CERSAA, puisque les deux instituts rel\u00e8vent du m\u00eame organisme (Chambre de Commerce, d\u2019Industrie, d\u2019Artisanat et d\u2019Agriculture de Savone), interviennent dans la m\u00eame r\u00e9gion, Albenga, et se partagent les m\u00eames installations, le m\u00eame \u00e9quipement et les m\u00eames infrastructures, bien qu\u2019il s\u2019agisse, sur le plan administratif, de deux entit\u00e9s distinctes. Dans le cadre du projet WasteReuse, ces deux institutions seront en \u00e9troite collaboration. En effet, des chercheurs des deux institutions vont mettre en \u0153uvre des actions de d\u00e9veloppement de pratiques culturales alternatives et des d\u00e9monstrations pilotes de cultures de l\u00e9gumes en plein air et de cultures de plantes aromatiques sous serre.<\/p>\n","protected":false},"excerpt":{"rendered":"<p>Service sp\u00e9cial pour la Formation professionnelle et la Promotion de la Technologie et du Commerce de la Chambre de Commerce, d\u2019Industrie, d\u2019Artisanat et d\u2019Agriculture de Savone. Le laboratoire de la Chambre de Commerce de Savone est dot\u00e9 d\u2019un personnel scientifique hautement qualifi\u00e9. Il dispose d\u2019une infrastructure moderne et est h\u00e9berg\u00e9 dans des\u00a0\u00a0 installations de la [&hellip;]<\/p>\n","protected":false},"author":1,"featured_media":0,"parent":24,"menu_order":0,"comment_status":"open","ping_status":"closed","template":"","meta":[],"_links":{"self":[{"href":"https:\/\/fr.wastereuse.eu\/index.php?rest_route=\/wp\/v2\/pages\/87"}],"collection":[{"href":"https:\/\/fr.wastereuse.eu\/index.php?rest_route=\/wp\/v2\/pages"}],"about":[{"href":"https:\/\/fr.wastereuse.eu\/index.php?rest_route=\/wp\/v2\/types\/page"}],"author":[{"embeddable":true,"href":"https:\/\/fr.wastereuse.eu\/index.php?rest_route=\/wp\/v2\/users\/1"}],"replies":[{"embeddable":true,"href":"https:\/\/fr.wastereuse.eu\/index.php?rest_route=%2Fwp%2Fv2%2Fcomments&post=87"}],"version-history":[{"count":6,"href":"https:\/\/fr.wastereuse.eu\/index.php?rest_route=\/wp\/v2\/pages\/87\/revisions"}],"predecessor-version":[{"id":221,"href":"https:\/\/fr.wastereuse.eu\/index.php?rest_route=\/wp\/v2\/pages\/87\/revisions\/221"}],"up":[{"embeddable":true,"href":"https:\/\/fr.wastereuse.eu\/index.php?rest_route=\/wp\/v2\/pages\/24"}],"wp:attachment":[{"href":"https:\/\/fr.wastereuse.eu\/index.php?rest_route=%2Fwp%2Fv2%2Fmedia&parent=87"}],"curies":[{"name":"wp","href":"https:\/\/api.w.org\/{rel}","templated":true}]}}