{"id":81,"date":"2011-10-10T21:11:18","date_gmt":"2011-10-10T21:11:18","guid":{"rendered":"http:\/\/www.signosis.openworks.gr\/wastereuse\/?page_id=81"},"modified":"2015-04-17T17:38:04","modified_gmt":"2015-04-17T17:38:04","slug":"cebas-csic-institute-www-cebas-csic-es","status":"publish","type":"page","link":"https:\/\/fr.wastereuse.eu\/?page_id=81","title":{"rendered":"Conseil Superieur De La Recherche Scientifique D\u2019espagne (Csic)"},"content":{"rendered":"<p><strong>Consejo Superior de Investigaciones Cient\u00edficas (CSIC)<\/strong><\/p>\n<p><em> <\/em><em>Campus Universitario de Espinardo. P.O Box 164. 30100-Espinardo, Murcia, Spain, <a href=\"http:\/\/www.cebas.csic.es\" target=\"_blank\">http:\/\/www.cebas.csic.es<\/a><\/em><\/p>\n<p><em> Dr. Jos\u00e9 Luis Moreno Ortego ,e-mail: <\/em><em><a href=\"mailto:jlmoreno@cebas.csic.es\">jlmoreno@cebas.csic.es<\/a><\/em><em><\/em><\/p>\n<p><a href=\"http:\/\/www.wastereuse.eu\/wp-content\/uploads\/2011\/10\/csic.jpg\"><img decoding=\"async\" loading=\"lazy\" class=\"alignleft size-medium wp-image-119\" title=\"csic\" alt=\"\" src=\"http:\/\/www.wastereuse.eu\/wp-content\/uploads\/2011\/10\/csic-190x300.jpg\" width=\"190\" height=\"300\" srcset=\"https:\/\/fr.wastereuse.eu\/wp-content\/uploads\/2011\/10\/csic-190x300.jpg 190w, https:\/\/fr.wastereuse.eu\/wp-content\/uploads\/2011\/10\/csic.jpg 526w\" sizes=\"(max-width: 190px) 100vw, 190px\" \/><\/a><\/p>\n<p>Le CSIC comprend huit sous-secteurs scientifiques et technologiques : sciences humaines et sociales, biologie et biom\u00e9decine, ressources naturelles, sciences agricoles, sciences naturelles et technologie, chimie et technologie, science et technologie des mat\u00e9riaux, et science et technologie alimentaires.<\/p>\n<p>L\u2019Institut de P\u00e9dologie et de Biologie appliqu\u00e9e (CEBAS) du CSIC participe au projet WasteReuse.<\/p>\n<p><a href=\"http:\/\/iframewidth=560height=315src=https:\/\/www.youtube.com\/embed\/S_h2Z4zMH1Mframeborder=0allowfullscreen\/iframe\"><iframe loading=\"lazy\" src=\"https:\/\/www.youtube.com\/embed\/S_h2Z4zMH1M\" height=\"315\" width=\"560\" allowfullscreen=\"\" frameborder=\"0\"><\/iframe><\/a><\/p>\n<p><strong>INSTITUT DE PEDOLOGIE ET DE BIOLOGIE APPLIQUEE (CEBAS-CSIC)\u00a0\u00a0 <\/strong><\/p>\n<p>Le CEBAS-CSIC a pour mission de contribuer \u00e0 production des connaissances n\u00e9cessaires pour am\u00e9liorer la comp\u00e9titivit\u00e9, d\u00e9velopper des strat\u00e9gies et pr\u00e9server les rares ressources des r\u00e9gions semi-arides, gr\u00e2ce \u00e0 une bonne gestion, permettant ainsi au d\u00e9veloppement agricole et \u00e0 la production d\u2019aliments de qualit\u00e9 de devenir r\u00e9alit\u00e9. Les savoirs g\u00e9n\u00e9r\u00e9s par cette recherche devraient faciliter les processus de prise de d\u00e9cisions indispensables \u00e0 la mise en \u0153uvre de politiques. Par ailleurs, les recherches men\u00e9es par le centre contribueront \u00e0 r\u00e9soudre des probl\u00e8mes sp\u00e9cifiques concrets.<\/p>\n<p>Le personnel scientifique et de recherche du CEBAS se sp\u00e9cialise dans les sciences agricoles, les ressources naturelles et la science et la technologie alimentaires, couvrant ainsi \u00e0 plusieurs domaines de recherche fondamentale et appliqu\u00e9e. Le CEBAS participe \u00e9galement\u00a0 \u00e0 un grand nombre de programmes de recherche. Equip\u00e9 d\u2019installations et d\u2019instruments de haute technologie, il peut accueillir des applications exp\u00e9rimentales \u00e0 grande ou petite \u00e9chelle.<\/p>\n<p>Les chercheurs du CEBAS ont acquis une exp\u00e9rience consid\u00e9rable dans l\u2019application de technologies de r\u00e9habilitation et de pr\u00e9servation de la qualit\u00e9 du sol (p.ex. bio-r\u00e9habilitation), dans le compostage de d\u00e9chets agricoles, l\u2019utilisation de d\u00e9chets trait\u00e9s dans l\u2019agriculture et dans les pratiques culturales durables. Dans le cadre du projet\u00a0 WasteReuse, ils sont ainsi charg\u00e9s des actions suivantes\u00a0: d\u00e9veloppement de pratiques culturales alternatives \u2013 exp\u00e9rimentations en laboratoire et actions de d\u00e9monstration comprenant des cultures de c\u00e9r\u00e9ales en plein air et des cultures de l\u00e9gumes sous serre.<\/p>\n","protected":false},"excerpt":{"rendered":"<p>Consejo Superior de Investigaciones Cient\u00edficas (CSIC) Campus Universitario de Espinardo. P.O Box 164. 30100-Espinardo, Murcia, Spain, http:\/\/www.cebas.csic.es Dr. Jos\u00e9 Luis Moreno Ortego ,e-mail: jlmoreno@cebas.csic.es Le CSIC comprend huit sous-secteurs scientifiques et technologiques : sciences humaines et sociales, biologie et biom\u00e9decine, ressources naturelles, sciences agricoles, sciences naturelles et technologie, chimie et technologie, science et technologie des [&hellip;]<\/p>\n","protected":false},"author":1,"featured_media":0,"parent":24,"menu_order":0,"comment_status":"open","ping_status":"open","template":"","meta":[],"_links":{"self":[{"href":"https:\/\/fr.wastereuse.eu\/index.php?rest_route=\/wp\/v2\/pages\/81"}],"collection":[{"href":"https:\/\/fr.wastereuse.eu\/index.php?rest_route=\/wp\/v2\/pages"}],"about":[{"href":"https:\/\/fr.wastereuse.eu\/index.php?rest_route=\/wp\/v2\/types\/page"}],"author":[{"embeddable":true,"href":"https:\/\/fr.wastereuse.eu\/index.php?rest_route=\/wp\/v2\/users\/1"}],"replies":[{"embeddable":true,"href":"https:\/\/fr.wastereuse.eu\/index.php?rest_route=%2Fwp%2Fv2%2Fcomments&post=81"}],"version-history":[{"count":9,"href":"https:\/\/fr.wastereuse.eu\/index.php?rest_route=\/wp\/v2\/pages\/81\/revisions"}],"predecessor-version":[{"id":368,"href":"https:\/\/fr.wastereuse.eu\/index.php?rest_route=\/wp\/v2\/pages\/81\/revisions\/368"}],"up":[{"embeddable":true,"href":"https:\/\/fr.wastereuse.eu\/index.php?rest_route=\/wp\/v2\/pages\/24"}],"wp:attachment":[{"href":"https:\/\/fr.wastereuse.eu\/index.php?rest_route=%2Fwp%2Fv2%2Fmedia&parent=81"}],"curies":[{"name":"wp","href":"https:\/\/api.w.org\/{rel}","templated":true}]}}