{"id":76,"date":"2011-10-10T21:09:23","date_gmt":"2011-10-10T21:09:23","guid":{"rendered":"http:\/\/www.signosis.openworks.gr\/wastereuse\/?page_id=76"},"modified":"2015-04-17T17:19:31","modified_gmt":"2015-04-17T17:19:31","slug":"technical-university-of-crete","status":"publish","type":"page","link":"https:\/\/fr.wastereuse.eu\/?page_id=76","title":{"rendered":"Ecole Polytechnique de Cr\u00e8te"},"content":{"rendered":"<p><a href=\"http:\/\/www.wastereuse.eu\/wp-content\/uploads\/2011\/10\/crete.jpg\"><img decoding=\"async\" loading=\"lazy\" class=\"alignleft size-medium wp-image-118\" title=\"crete\" alt=\"\" src=\"http:\/\/www.wastereuse.eu\/wp-content\/uploads\/2011\/10\/crete-214x300.jpg\" width=\"214\" height=\"300\" srcset=\"https:\/\/fr.wastereuse.eu\/wp-content\/uploads\/2011\/10\/crete-214x300.jpg 214w, https:\/\/fr.wastereuse.eu\/wp-content\/uploads\/2011\/10\/crete.jpg 337w\" sizes=\"(max-width: 214px) 100vw, 214px\" \/><\/a><\/p>\n<p>L\u2019Ecole Polytechnique de Cr\u00e8te a \u00e9t\u00e9 fond\u00e9e en 1977 \u00e0 La Can\u00e9e et compte cinq D\u00e9partements (Ing\u00e9nierie de Production et Management, Mines, G\u00e9nie \u00e9lectrique &amp; informatique, Ing\u00e9nierie de l\u2019Environnement et G\u00e9nie civil et Architecture), plac\u00e9s sous la tutelle du D\u00e9partement G\u00e9n\u00e9ral. L\u2019Ecole Polytechnique de Cr\u00e8te a pour mission de d\u00e9velopper des fili\u00e8res de sp\u00e9cialisation modernes, de favoriser la recherche dans les secteurs technologiques de pointe, ainsi que d\u2019\u00e9tablir une collaboration \u00e9troite avec les entreprises industrielles et d\u2019autres unit\u00e9s productives de la Gr\u00e8ce.<\/p>\n<p><strong>MINES &#8211; DEPARTEMENT D\u2019INGENIERIE DES RESSOURCES MINERALES (<\/strong><strong>\u039c<\/strong><strong>I<\/strong><strong>\u03a7\u039f<\/strong><strong>P)<\/strong><\/p>\n<p>Le D\u00e9partement d\u2019Ing\u00e9nierie des Ressources min\u00e9rales (\u039cIH\u039fP) a pour objectif de former des ing\u00e9nieurs capables de couvrir une vaste gamme de comp\u00e9tences scientifiques et techniques dans le domaine de l\u2019identification, de l\u2019exploitation, du traitement de mati\u00e8res premi\u00e8res min\u00e9rales et de la g\u00e9otechnologie environnementale. Le Laboratoire des Technologies de Gestion des D\u00e9chets M\u00e9talliques et M\u00e9tallurgiques et de R\u00e9habilitation des Sols participe au projet <strong>WasteReuse<\/strong>.<\/p>\n<p><a href=\"http:\/\/iframewidth=560height=315src=https:\/\/www.youtube.com\/embed\/CPLJs_lRVckframeborder=0allowfullscreen\/iframe\"><iframe loading=\"lazy\" src=\"https:\/\/www.youtube.com\/embed\/CPLJs_lRVck\" height=\"315\" width=\"560\" allowfullscreen=\"\" frameborder=\"0\"><\/iframe><\/a><\/p>\n<p><strong>Laboratoire des Technologies de Gestion des D\u00e9chets M\u00e9talliques et M\u00e9tallurgiques et de R\u00e9habilitation des Sols<\/strong><\/p>\n<p>Le \u00ab\u00a0Laboratoire des Technologies de Gestion des D\u00e9chets M\u00e9talliques et M\u00e9tallurgiques et de R\u00e9habilitation des Sols\u00a0\u00bb rel\u00e8ve du Secteur d\u2019Exploitation des Min\u00e9raux. Ses principaux domaines de recherche, ax\u00e9s sur\u00a0 la protection de l\u2019environnement et\u00a0 sur le d\u00e9veloppement industriel durable, portent sur<\/p>\n<ul>\n<li>La d\u00e9contamination des sols<\/li>\n<li>La gestion des d\u00e9chets liquides et solides<\/li>\n<li>L\u2019\u00e9valuation des risques li\u00e9s aux proc\u00e9d\u00e9s et aux zones d\u2019\u00e9limination des d\u00e9chets<\/li>\n<li>L\u2019analyse du cycle de vie de proc\u00e9d\u00e9s et de produits<\/li>\n<li>L\u2019utilisation secondaire et environnementale des d\u00e9chets (scories, cendres volantes, boues) \u00e0 des fins de valorisation \u00e9conomique<\/li>\n<li>Caract\u00e9risation environnementale des d\u00e9chets et des sols<\/li>\n<li>\u00c9puration et suivi de la qualit\u00e9 des eaux souterraines<\/li>\n<li>Phyto-r\u00e9habilitation des zones pollu\u00e9es au moyen de boues biologiques, de composts, etc.<\/li>\n<\/ul>\n<p>Le D\u00e9partement \u039cI\u03a7\u039fP est charg\u00e9 de la coordination scientifique et administrative du projet WasteReuse et des actions suivantes\u00a0: \u00e9valuation initiale des technologies existantes en mati\u00e8re de traitement\u00a0 des d\u00e9chets agricoles, Analyse du Cycle de Vie et Analyse de Risques, et suivi du projet<strong>.<\/strong><\/p>\n<p><em>Prof. Konst. Komnitsas, site internet :\u00a0<a href=\"http:\/\/www.mred.tuc.gr\/\" target=\"_blank\">http:\/\/www.mred.tuc.gr\/<\/a>, e-mail: komni@mred.tuc.gr<br \/>\nLa Can\u00e9e, 73100. T\u00e9l 28210 37686, Fax: 28210 69554, <a href=\"http:\/\/www.mred.tuc.gr\" target=\"_blank\">http:\/\/www.mred.tuc.gr<\/a><\/em><\/p>\n<p>&lt;iframe width=&#8221;560&#8243; height=&#8221;315&#8243; src=&#8221;https:\/\/www.youtube.com\/embed\/CPLJs_lRVck&#8221; frameborder=&#8221;0&#8243; allowfullscreen&gt;&lt;\/iframe&gt;<\/p>\n","protected":false},"excerpt":{"rendered":"<p>L\u2019Ecole Polytechnique de Cr\u00e8te a \u00e9t\u00e9 fond\u00e9e en 1977 \u00e0 La Can\u00e9e et compte cinq D\u00e9partements (Ing\u00e9nierie de Production et Management, Mines, G\u00e9nie \u00e9lectrique &amp; informatique, Ing\u00e9nierie de l\u2019Environnement et G\u00e9nie civil et Architecture), plac\u00e9s sous la tutelle du D\u00e9partement G\u00e9n\u00e9ral. L\u2019Ecole Polytechnique de Cr\u00e8te a pour mission de d\u00e9velopper des fili\u00e8res de sp\u00e9cialisation modernes, [&hellip;]<\/p>\n","protected":false},"author":1,"featured_media":0,"parent":24,"menu_order":0,"comment_status":"open","ping_status":"open","template":"","meta":[],"_links":{"self":[{"href":"https:\/\/fr.wastereuse.eu\/index.php?rest_route=\/wp\/v2\/pages\/76"}],"collection":[{"href":"https:\/\/fr.wastereuse.eu\/index.php?rest_route=\/wp\/v2\/pages"}],"about":[{"href":"https:\/\/fr.wastereuse.eu\/index.php?rest_route=\/wp\/v2\/types\/page"}],"author":[{"embeddable":true,"href":"https:\/\/fr.wastereuse.eu\/index.php?rest_route=\/wp\/v2\/users\/1"}],"replies":[{"embeddable":true,"href":"https:\/\/fr.wastereuse.eu\/index.php?rest_route=%2Fwp%2Fv2%2Fcomments&post=76"}],"version-history":[{"count":14,"href":"https:\/\/fr.wastereuse.eu\/index.php?rest_route=\/wp\/v2\/pages\/76\/revisions"}],"predecessor-version":[{"id":362,"href":"https:\/\/fr.wastereuse.eu\/index.php?rest_route=\/wp\/v2\/pages\/76\/revisions\/362"}],"up":[{"embeddable":true,"href":"https:\/\/fr.wastereuse.eu\/index.php?rest_route=\/wp\/v2\/pages\/24"}],"wp:attachment":[{"href":"https:\/\/fr.wastereuse.eu\/index.php?rest_route=%2Fwp%2Fv2%2Fmedia&parent=76"}],"curies":[{"name":"wp","href":"https:\/\/api.w.org\/{rel}","templated":true}]}}