{"id":66,"date":"2011-10-10T20:52:09","date_gmt":"2011-10-10T20:52:09","guid":{"rendered":"http:\/\/www.signosis.openworks.gr\/wastereuse\/?page_id=66"},"modified":"2012-02-29T11:40:40","modified_gmt":"2012-02-29T11:40:40","slug":"wastereuse","status":"publish","type":"page","link":"https:\/\/fr.wastereuse.eu\/?page_id=66","title":{"rendered":"WasteReuse"},"content":{"rendered":"<p><strong><img decoding=\"async\" loading=\"lazy\" class=\"alignleft size-full wp-image-171\" title=\"WasteReuse\" src=\"http:\/\/www.wastereuse.eu\/wp-content\/uploads\/2011\/10\/logo1.png\" alt=\"\" width=\"263\" height=\"76\" \/><\/strong><\/p>\n<p>Plusieurs projets de d\u00e9veloppement et d\u2019application de technologies de traitement des d\u00e9chets agricoles ont \u00e9t\u00e9 financ\u00e9s ces derni\u00e8res ann\u00e9es, tant par la Commission Europ\u00e9enne, que par d\u2019autres instances. Ces projets portent principalement sur le d\u00e9veloppement de technologies innovantes en mati\u00e8re de traitement des d\u00e9chets et d\u2019am\u00e9lioration des proc\u00e9d\u00e9s et des \u00e9tapes de production, en vue de r\u00e9duire la charge polluante des d\u00e9chets.<\/p>\n<p>Les d\u00e9veloppements technologiques perfectionnant les \u00e9tapes de production am\u00e9liorent la qualit\u00e9 des produits finaux et\/ou\u00a0minimisent le volume des d\u00e9chets, r\u00e9duisant par cons\u00e9quent la d\u00e9gradation de l\u2019environnement qu\u2019engendre le rejet de ces d\u00e9chets\u00a0: \u00e0 cet \u00e9gard, il faut noter que, outre les technologies d\u00e9velopp\u00e9es par des chercheurs et des scientifiques, des entreprises et des particuliers se sont pench\u00e9s sur le probl\u00e8me, avec de tr\u00e8s bons r\u00e9sultats dans un grand nombre de cas.<!--more--><\/p>\n<p>Les d\u00e9chets trait\u00e9s (liquides, solides ou composts) g\u00e9n\u00e9r\u00e9s par ces technologies pourraient \u00e9ventuellement servir \u00e0 l\u2019irrigation ou \u00e0 la fertilisation des cultures (\u00e9pandage..): ceci doit se faire uniquement apr\u00e8s une \u00e9valuation et la d\u00e9finition des termes et conditions sp\u00e9cifiques concernant l\u2019usage qui en sera fait, assurant qu\u2019ils n\u2019entra\u00eenent pas de phytotoxicit\u00e9 ou d\u2019autres probl\u00e8mes environnementaux.<\/p>\n<p>Pratiquement toutes les technologies mises au point comprennent des m\u00e9thodes de traitement des d\u00e9chets liquides et solides permettant d\u2019en assurer la gestion sans danger par \u00e9limination au sol ou dans des cours d\u2019eau, ou bien par leur r\u00e9utilisation dans l\u2019agriculture. N\u00e9anmoins, afin de r\u00e9utiliser sans risque dans le milieu agricole les d\u00e9chets trait\u00e9s \u00e0 haute charge organique et inorganique (min\u00e9rale), des \u00e9tudes approfondies, concr\u00e8tes et fiables doivent \u00eatre men\u00e9es, centr\u00e9es sur deux \u00e9l\u00e9ments fondamentaux: <strong><span style=\"text-decoration: underline;\">les sols<\/span><\/strong> et <strong><span style=\"text-decoration: underline;\">les cultures<\/span><\/strong><span style=\"text-decoration: underline;\">.<\/span><\/p>\n<p>En termes <strong><span style=\"text-decoration: underline;\">de sols<\/span><\/strong>, l\u2019\u00e9limination syst\u00e9matique des d\u00e9chets, trait\u00e9s ou non trait\u00e9s, par \u00e9pandage pourrait provoquer une grave d\u00e9gradation des propri\u00e9t\u00e9s qualitatives et de la fertilit\u00e9 du sol, sans la d\u00e9finition et l\u2019application pr\u00e9alables &#8211; quelque soit le motif de cette omission \u2013 d\u2019un cadre de limitations et de conditions sp\u00e9cifiques. A titre d\u2019exemple, des propri\u00e9t\u00e9s telles que le pH, la texture et le profil du sol ainsi que sa teneur en \u00e9l\u00e9ments nutritifs, caract\u00e9ristiques fondamentales pour \u00e9valuer son aptitude \u00e0 recevoir des d\u00e9chets, doivent \u00eatre pr\u00e9alablement d\u00e9termin\u00e9es, suivies, enregistr\u00e9es et \u00e9valu\u00e9es.<\/p>\n<p>Il importe pour l\u2019agriculture de pr\u00e9server et d\u2019am\u00e9liorer les propri\u00e9t\u00e9s du sol, principale ressource du secteur. L\u2019usage de d\u00e9chets organiques comme additifs pourrait \u00e9ventuellement am\u00e9liorer les propri\u00e9t\u00e9s du sol et lui apporter des \u00e9l\u00e9ments nutritifs b\u00e9n\u00e9fiques pour la croissance des plantations. Toutefois, de mauvaises pratiques d\u2019\u00e9pandage de d\u00e9chets organiques au sol pourraient induire une perte d\u2019\u00e9l\u00e9ments nutritifs par lixiviation. Ces sources de pollution non ponctuelles (diffuses) entra\u00eenent habituellement une d\u00e9gradation de l\u2019environnement, l\u2019eutrophisation des eaux de surface, ainsi que des risques potentiels pour la sant\u00e9 humaine.<\/p>\n<p>Vu la sp\u00e9cificit\u00e9 de la question et la grandissante sensibilisation environnementale de nos soci\u00e9t\u00e9s, les d\u00e9cisions adopt\u00e9es et mises en \u0153uvre en mati\u00e8re d\u2019utilisation de d\u00e9chets agricoles trait\u00e9s dans la production agricole doivent \u00eatre \u00e9tay\u00e9es par des \u00e9tudes et par le d\u00e9veloppement exp\u00e9rimental de proc\u00e9d\u00e9s perfectionn\u00e9s de traitement des d\u00e9chets. Ces proc\u00e9d\u00e9s devraient engendrer des d\u00e9chets trait\u00e9s aptes \u00e0 l\u2019\u00e9pandage et contribuer \u00e0 la croissance des cultures, tout en minimisant les risques de d\u00e9gradation de l\u2019environnement. Les \u00e9tudes et les exp\u00e9rimentations devraient se concentrer sur l\u2019accumulation des nutriments dans le sol r\u00e9sultant de l\u2019\u00e9pandage de d\u00e9chets, \u00e0 la mise au point de pratiques optimales de gestion des d\u00e9chets trait\u00e9s, ainsi qu\u2019\u00e0 l\u2019identification des impacts sur les propri\u00e9t\u00e9s du sol.<\/p>\n<p>Avant l\u2019utilisation des d\u00e9chets trait\u00e9s \u00e0 des fins agricoles, il convient d\u2019identifier toutes leurs propri\u00e9t\u00e9s qualitatives et quantitatives, et d\u2019\u00e9tablir une corr\u00e9lation aux propri\u00e9t\u00e9s du sol. L\u2019objectif ultime serait ainsi un \u00e9pandage permettant au sol de suivre un processus d\u2019assimilation naturelle: c\u2019est \u00e0 dire filtrer efficacement d\u2019\u00e9ventuelles substances toxiques, soit en r\u00e9duisant leur mobilit\u00e9, ce qui les rendrait progressivement inactives, soit en les d\u00e9gradant de fa\u00e7on \u00e0 ce que les infiltrations atteignant des couches plus profondes soient moins charg\u00e9es et que le sol maintienne les propri\u00e9t\u00e9s et le potentiel qui lui assurent sa p\u00e9rennit\u00e9.<\/p>\n<p>Pour ce qui est <strong><span style=\"text-decoration: underline;\">des cultures<\/span><\/strong>, la r\u00e9sistance des plantes cultiv\u00e9es aux d\u00e9chets trait\u00e9s \u00e0 appliquer devrait \u00eatre \u00e9valu\u00e9e de mani\u00e8re d\u00e9taill\u00e9e, au m\u00eame titre que les pratiques et m\u00e9thodes d\u2019\u00e9pandage de ces d\u00e9chets, afin de ma\u00eetriser le flux d\u2019intrants (eau et nutriments), d\u2019assurer un rendement \u00e9lev\u00e9, des produits de haute qualit\u00e9, un faible co\u00fbt de production et par cons\u00e9quent, une augmentation du revenu agricole.<\/p>\n<p>En conclusion, l\u2019\u00e9laboration de lignes directrices, de termes et de conditions r\u00e9gissant l\u2019utilisation des d\u00e9chets agricoles trait\u00e9s dans la production agricole n\u00e9cessite la mise au point d\u2019une strat\u00e9gie int\u00e9gr\u00e9e\u00a0; cette strat\u00e9gie tiendra compte des propri\u00e9t\u00e9s du sol cultiv\u00e9, du type de culture, de l\u2019environnement et des agriculteurs, en reconnaissant que ces param\u00e8tres caract\u00e9risent de fa\u00e7on interactive et interd\u00e9pendante un seul et m\u00eame syst\u00e8me, qu\u2019elles aident \u00e0 identifier.<\/p>\n<p>Une telle approche int\u00e9gr\u00e9e pourrait \u00eatre r\u00e9alis\u00e9e gr\u00e2ce \u00e0 la collecte, \u00e0 l\u2019\u00e9tude et \u00e0 l\u2019\u00e9valuation des r\u00e9sultats issus des technologies d\u00e9velopp\u00e9es dans le cadre des projets de recherche, financ\u00e9s par des acteurs publics ou priv\u00e9s. La collecte, l\u2019\u00e9tude exp\u00e9rimentale et l\u2019\u00e9valuation de ces r\u00e9sultats permettraient de mettre en \u00e9vidence les technologies optimales de traitement des d\u00e9chets agricoles, ainsi que de leur mise en valeur dans le cadre de la production agricole.<\/p>\n<p><strong>Le projet WasteReuse<\/strong> se fixe ainsi pour objectif de d\u00e9velopper des pratiques agricoles alternatives mettant \u00e0 profit des d\u00e9chets agricoles trait\u00e9s par la mise en \u0153uvre, ces derni\u00e8res ann\u00e9es, de technologies de traitement novatrices. Avant de proc\u00e9der au d\u00e9veloppement de ces pratiques, le projet envisage de rassembler les donn\u00e9es relatives aux technologies mises au point, et de les classer en fonction du degr\u00e9 d\u2019ad\u00e9quation que pr\u00e9sentent des d\u00e9chets trait\u00e9s et utilis\u00e9s pour les cultures v\u00e9g\u00e9tales, dans des conditions climatiques et p\u00e9dologiques diverses. Afin de proc\u00e9der \u00e0 l\u2019\u00e9valuation finale de ces technologies, des \u00e9tudes d\u2019Analyse des Risques et d\u2019Analyse du Cycle de Vie seront r\u00e9alis\u00e9es.<\/p>\n<p>Par ailleurs, la pr\u00e9servation de la qualit\u00e9 des sols, souvent n\u00e9glig\u00e9e dans ce genre d\u2019\u00e9tudes, sera prise en compte et reconnue comme faisant partie int\u00e9grante des pratiques \u00e0 d\u00e9velopper.<\/p>\n<p><strong>Enfin, le projet d\u00e9finira, d\u00e9veloppera et proposera des termes et conditions sp\u00e9cifiques \u00e0 l\u2019utilisation en agriculture de d\u00e9chets organiques trait\u00e9s ou non trait\u00e9s, ainsi que des mesures l\u00e9gislatives aff\u00e9rentes \u00e0 int\u00e9grer dans la politique de l\u2019UE en mati\u00e8re de r\u00e9utilisation de ces d\u00e9chets dans le secteur agricole<\/strong><\/p>\n","protected":false},"excerpt":{"rendered":"<p>Plusieurs projets de d\u00e9veloppement et d\u2019application de technologies de traitement des d\u00e9chets agricoles ont \u00e9t\u00e9 financ\u00e9s ces derni\u00e8res ann\u00e9es, tant par la Commission Europ\u00e9enne, que par d\u2019autres instances. Ces projets portent principalement sur le d\u00e9veloppement de technologies innovantes en mati\u00e8re de traitement des d\u00e9chets et d\u2019am\u00e9lioration des proc\u00e9d\u00e9s et des \u00e9tapes de production, en vue [&hellip;]<\/p>\n","protected":false},"author":1,"featured_media":0,"parent":0,"menu_order":0,"comment_status":"open","ping_status":"open","template":"","meta":[],"_links":{"self":[{"href":"https:\/\/fr.wastereuse.eu\/index.php?rest_route=\/wp\/v2\/pages\/66"}],"collection":[{"href":"https:\/\/fr.wastereuse.eu\/index.php?rest_route=\/wp\/v2\/pages"}],"about":[{"href":"https:\/\/fr.wastereuse.eu\/index.php?rest_route=\/wp\/v2\/types\/page"}],"author":[{"embeddable":true,"href":"https:\/\/fr.wastereuse.eu\/index.php?rest_route=\/wp\/v2\/users\/1"}],"replies":[{"embeddable":true,"href":"https:\/\/fr.wastereuse.eu\/index.php?rest_route=%2Fwp%2Fv2%2Fcomments&post=66"}],"version-history":[{"count":5,"href":"https:\/\/fr.wastereuse.eu\/index.php?rest_route=\/wp\/v2\/pages\/66\/revisions"}],"predecessor-version":[{"id":173,"href":"https:\/\/fr.wastereuse.eu\/index.php?rest_route=\/wp\/v2\/pages\/66\/revisions\/173"}],"wp:attachment":[{"href":"https:\/\/fr.wastereuse.eu\/index.php?rest_route=%2Fwp%2Fv2%2Fmedia&parent=66"}],"curies":[{"name":"wp","href":"https:\/\/api.w.org\/{rel}","templated":true}]}}