{"id":39,"date":"2011-09-26T22:54:06","date_gmt":"2011-09-26T22:54:06","guid":{"rendered":"http:\/\/www.signosis.openworks.gr\/wastereuse\/?page_id=39"},"modified":"2012-03-01T14:07:41","modified_gmt":"2012-03-01T14:07:41","slug":"implementation-areas","status":"publish","type":"page","link":"https:\/\/fr.wastereuse.eu\/?page_id=39","title":{"rendered":"Zones pilotes du projet"},"content":{"rendered":"<p>Les actions de d\u00e9monstration repr\u00e9sentent une part importante du projet et s\u2019\u00e9taleront sur une dur\u00e9e totale de 2,5 ans. Il est pr\u00e9vu dans le cadre du projet de d\u00e9finir deux zones pilotes, l\u2019une en Espagne et l\u2019autre en Italie, o\u00f9 les partenaires espagnols et italiens utiliseront des d\u00e9chets agricoles trait\u00e9s, et \u00e9ventuellement non trait\u00e9s, pour la culture d\u2019esp\u00e8ces v\u00e9g\u00e9tales repr\u00e9sentatives de chaque milieu respectivement. Des c\u00e9r\u00e9ales et des l\u00e9gumes seront ainsi cultiv\u00e9s en Espagne, alors qu\u2019en Italie, des l\u00e9gumes et des plantes aromatiques, des esp\u00e8ces donc exigeantes en eau et pr\u00e9sentant un int\u00e9r\u00eat commercial pour ces deux pays.<\/p>\n<p>Chaque zone pilote proc\u00e8dera<\/p>\n<ul>\n<li>\u00e0 des cultures en plein air\u00a0 et<\/li>\n<li>\u00e0 des cultures sous serre.<\/li>\n<\/ul>\n<p>Il y aura ainsi au total quatre sites de d\u00e9monstration, deux en Espagne et deux en Italie, ouverts au public int\u00e9ress\u00e9, o\u00f9 seront organis\u00e9s des visites sur place et des s\u00e9minaires de formation.<\/p>\n<p><strong><span style=\"text-decoration: underline;\">En Espagne<\/span><\/strong>, les actions de d\u00e9monstration auront lieu dans les installations de l\u2019Institut \u00a0CEBAS, et incluent :<\/p>\n<ul>\n<li>i) Des cultures en plein air de c\u00e9r\u00e9ales (orge et\/ou bl\u00e9 ou ma\u00efs) et<\/li>\n<li>ii) Des cultures sous serre de l\u00e9gumes (laitue, melon et\/ou tomate).<\/li>\n<\/ul>\n<p><strong><span style=\"text-decoration: underline;\">En Italie<\/span><\/strong>, les actions de d\u00e9monstration se d\u00e9rouleront dans les installations de l\u2019Institut \u00a0CERSAA, et incluent :<\/p>\n<ul>\n<li>i) Des cultures l\u00e9gumi\u00e8res en plein air (laitues et choux), et<\/li>\n<li>ii) Des cultures sous serre de plantes aromatiques et d\u2019ornementation<\/li>\n<\/ul>\n<p>Les cultures en plein air auront lieu sur un terrain d\u2019une superficie de 2,500 m<sup>2<\/sup> environ et les cultures sous serre dans des serres de structure m\u00e9tallique, d\u2019une superficie de pr\u00e8s de 200 m<sup>2<\/sup>. Les serres sont \u00e9quip\u00e9es d\u2019un syst\u00e8me de refroidissement et de contr\u00f4le des param\u00e8tres environnementaux (humidit\u00e9, temp\u00e9rature et \u00e9clairage), d\u2019un syst\u00e8me d\u2019alimentation et de recirculation des nutriments, ainsi que d\u2019un syst\u00e8me d\u2019enregistrement des indices de croissance naturelle des plantes. Enfin, des transformateurs \u00e9lectriques, des b\u00e2tisses pour les moteurs, des r\u00e9servoirs et des syst\u00e8mes d\u2019irrigation ont \u00e9t\u00e9 install\u00e9s sur les terrains agricoles d\u2019exp\u00e9rimentation.<\/p>\n","protected":false},"excerpt":{"rendered":"<p>Les actions de d\u00e9monstration repr\u00e9sentent une part importante du projet et s\u2019\u00e9taleront sur une dur\u00e9e totale de 2,5 ans. Il est pr\u00e9vu dans le cadre du projet de d\u00e9finir deux zones pilotes, l\u2019une en Espagne et l\u2019autre en Italie, o\u00f9 les partenaires espagnols et italiens utiliseront des d\u00e9chets agricoles trait\u00e9s, et \u00e9ventuellement non trait\u00e9s, pour [&hellip;]<\/p>\n","protected":false},"author":1,"featured_media":0,"parent":2,"menu_order":0,"comment_status":"open","ping_status":"open","template":"","meta":[],"_links":{"self":[{"href":"https:\/\/fr.wastereuse.eu\/index.php?rest_route=\/wp\/v2\/pages\/39"}],"collection":[{"href":"https:\/\/fr.wastereuse.eu\/index.php?rest_route=\/wp\/v2\/pages"}],"about":[{"href":"https:\/\/fr.wastereuse.eu\/index.php?rest_route=\/wp\/v2\/types\/page"}],"author":[{"embeddable":true,"href":"https:\/\/fr.wastereuse.eu\/index.php?rest_route=\/wp\/v2\/users\/1"}],"replies":[{"embeddable":true,"href":"https:\/\/fr.wastereuse.eu\/index.php?rest_route=%2Fwp%2Fv2%2Fcomments&post=39"}],"version-history":[{"count":5,"href":"https:\/\/fr.wastereuse.eu\/index.php?rest_route=\/wp\/v2\/pages\/39\/revisions"}],"predecessor-version":[{"id":43,"href":"https:\/\/fr.wastereuse.eu\/index.php?rest_route=\/wp\/v2\/pages\/39\/revisions\/43"}],"up":[{"embeddable":true,"href":"https:\/\/fr.wastereuse.eu\/index.php?rest_route=\/wp\/v2\/pages\/2"}],"wp:attachment":[{"href":"https:\/\/fr.wastereuse.eu\/index.php?rest_route=%2Fwp%2Fv2%2Fmedia&parent=39"}],"curies":[{"name":"wp","href":"https:\/\/api.w.org\/{rel}","templated":true}]}}