{"id":35,"date":"2011-09-26T22:53:42","date_gmt":"2011-09-26T22:53:42","guid":{"rendered":"http:\/\/www.signosis.openworks.gr\/wastereuse\/?page_id=35"},"modified":"2012-03-04T22:49:29","modified_gmt":"2012-03-04T22:49:29","slug":"actions","status":"publish","type":"page","link":"https:\/\/fr.wastereuse.eu\/?page_id=35","title":{"rendered":"Actions"},"content":{"rendered":"<ul>\n<li class=\"page_item page-item-126\"><a href=\"http:\/\/www.wastereuse.eu\/fr\/?page_id=126\">ACTION 1 : gestion du projet par l\u2019Ecole Polytechnique de Cr\u00e8te \u2013 ACTIVE<\/a><\/li>\n<li class=\"page_item page-item-127\"><a href=\"http:\/\/www.wastereuse.eu\/fr\/?page_id=127\">ACTION 2 : \u00e9valuation pr\u00e9liminaire des technologies existantes en mati\u00e8re de traitement des d\u00e9chets agricoles \u2013 ACTIVE<\/a><\/li>\n<li class=\"page_item page-item-128\"><a href=\"http:\/\/www.wastereuse.eu\/fr\/?page_id=128\">ACTION 3 : d\u00e9veloppement de pratiques agricoles alternatives \u2013 Des exp\u00e9rimentations en laboratoire (Espagne) \u2013 INACTIVE<\/a><\/li>\n<li class=\"page_item page-item-129\"><a href=\"http:\/\/www.wastereuse.eu\/fr\/?page_id=129\">ACTION 4 : d\u00e9veloppement de pratiques agricoles alternatives \u2013 Exp\u00e9rimentations en laboratoire (Italie) \u2013 INACTIVE<\/a><\/li>\n<li class=\"page_item page-item-139\"><a href=\"http:\/\/www.wastereuse.eu\/fr\/?page_id=139\">ACTION 5 : d\u00e9monstration pilote \u2013 Espagne \u2013 INACTIVE<\/a><\/li>\n<li class=\"page_item page-item-140\"><a href=\"http:\/\/www.wastereuse.eu\/fr\/?page_id=140\">ACTION 6 : d\u00e9monstration pilote \u2013 Italie \u2013 INACTIVE<\/a><\/li>\n<li class=\"page_item page-item-141\"><a href=\"http:\/\/www.wastereuse.eu\/fr\/?page_id=141\">ACTION 7 : analyse du Cycle de Vie et Analyse de Risques \u2013 INACTIVE<\/a><\/li>\n<li class=\"page_item page-item-142\"><a href=\"http:\/\/www.wastereuse.eu\/fr\/?page_id=142\">ACTION 8 : utilisation de d\u00e9chets agricoles trait\u00e9s en agriculture \u2013 termes et conditions \u2013 INACTIVE<\/a><\/li>\n<li class=\"page_item page-item-150\"><a href=\"http:\/\/www.wastereuse.eu\/fr\/?page_id=150\">ACTION 9: Diffusion des R\u00e9sultats \u2013 ACTIVE<\/a><\/li>\n<li class=\"page_item page-item-151\"><a href=\"http:\/\/www.wastereuse.eu\/fr\/?page_id=151\">ACTION 10 : Cr\u00e9ation d\u2019un r\u00e9seau \u2013 ACTIVE<\/a><\/li>\n<li class=\"page_item page-item-152\"><a href=\"http:\/\/www.wastereuse.eu\/fr\/?page_id=152\">ACTION 11: Suivi du projet \u2013 ACTIVE<\/a><\/li>\n<li class=\"page_item page-item-153\"><a href=\"http:\/\/www.wastereuse.eu\/fr\/?page_id=153\">ACTION 12 : plan de communication et de diffusion des r\u00e9sultats apr\u00e8s l\u2019ach\u00e8vement du projet \u2013 INACTIVE<\/a><\/li>\n<\/ul>\n<p>&nbsp;<\/p>\n<p><strong><a href=\"http:\/\/www.wastereuse.eu\/fr\/wp-content\/uploads\/2011\/09\/DELIVERABLE_PRODUCTS_fr.doc\">Les livrables du projet<\/a><\/strong><\/p>\n<p><strong><a href=\"http:\/\/www.wastereuse.eu\/fr\/wp-content\/uploads\/2011\/09\/TIMETABLE_fr.doc\">Calendrier du Projet <\/a><\/strong><\/p>\n","protected":false},"excerpt":{"rendered":"<p>ACTION 1 : gestion du projet par l\u2019Ecole Polytechnique de Cr\u00e8te \u2013 ACTIVE ACTION 2 : \u00e9valuation pr\u00e9liminaire des technologies existantes en mati\u00e8re de traitement des d\u00e9chets agricoles \u2013 ACTIVE ACTION 3 : d\u00e9veloppement de pratiques agricoles alternatives \u2013 Des exp\u00e9rimentations en laboratoire (Espagne) \u2013 INACTIVE ACTION 4 : d\u00e9veloppement de pratiques agricoles alternatives \u2013 [&hellip;]<\/p>\n","protected":false},"author":1,"featured_media":0,"parent":2,"menu_order":0,"comment_status":"open","ping_status":"open","template":"","meta":[],"_links":{"self":[{"href":"https:\/\/fr.wastereuse.eu\/index.php?rest_route=\/wp\/v2\/pages\/35"}],"collection":[{"href":"https:\/\/fr.wastereuse.eu\/index.php?rest_route=\/wp\/v2\/pages"}],"about":[{"href":"https:\/\/fr.wastereuse.eu\/index.php?rest_route=\/wp\/v2\/types\/page"}],"author":[{"embeddable":true,"href":"https:\/\/fr.wastereuse.eu\/index.php?rest_route=\/wp\/v2\/users\/1"}],"replies":[{"embeddable":true,"href":"https:\/\/fr.wastereuse.eu\/index.php?rest_route=%2Fwp%2Fv2%2Fcomments&post=35"}],"version-history":[{"count":5,"href":"https:\/\/fr.wastereuse.eu\/index.php?rest_route=\/wp\/v2\/pages\/35\/revisions"}],"predecessor-version":[{"id":166,"href":"https:\/\/fr.wastereuse.eu\/index.php?rest_route=\/wp\/v2\/pages\/35\/revisions\/166"}],"up":[{"embeddable":true,"href":"https:\/\/fr.wastereuse.eu\/index.php?rest_route=\/wp\/v2\/pages\/2"}],"wp:attachment":[{"href":"https:\/\/fr.wastereuse.eu\/index.php?rest_route=%2Fwp%2Fv2%2Fmedia&parent=35"}],"curies":[{"name":"wp","href":"https:\/\/api.w.org\/{rel}","templated":true}]}}