{"id":30,"date":"2011-09-26T22:52:44","date_gmt":"2011-09-26T22:52:44","guid":{"rendered":"http:\/\/www.signosis.openworks.gr\/wastereuse\/?page_id=30"},"modified":"2013-09-05T21:02:55","modified_gmt":"2013-09-05T21:02:55","slug":"budget-and-duration","status":"publish","type":"page","link":"https:\/\/fr.wastereuse.eu\/?page_id=30","title":{"rendered":"Budget et Dur\u00e9e"},"content":{"rendered":"<p>La date de lancement du projet \u00ab\u00a0Pratiques optimales de traitement des d\u00e9chets agricoles et de r\u00e9utilisation dans les pays m\u00e9diterran\u00e9ens\u00a0\u00bb est le 1<sup>er<\/sup> septembre 2011; sa dur\u00e9e \u00e9tant de 4 ans, son ach\u00e8vement est pr\u00e9vu pour le 31 ao\u00fbt 2015.<\/p>\n<p>Code du projet : LIFE10 ENV\/GR\/594<\/p>\n<p>Budget total : 1.384.799 \u20ac<\/p>\n<p>Financement de l\u2019Union europ\u00e9enne : 679.399 \u20ac<\/p>\n<p>Fonds propres des partenaires : 705.400 \u20ac<\/p>\n","protected":false},"excerpt":{"rendered":"<p>La date de lancement du projet \u00ab\u00a0Pratiques optimales de traitement des d\u00e9chets agricoles et de r\u00e9utilisation dans les pays m\u00e9diterran\u00e9ens\u00a0\u00bb est le 1er septembre 2011; sa dur\u00e9e \u00e9tant de 4 ans, son ach\u00e8vement est pr\u00e9vu pour le 31 ao\u00fbt 2015. Code du projet : LIFE10 ENV\/GR\/594 Budget total : 1.384.799 \u20ac Financement de l\u2019Union europ\u00e9enne [&hellip;]<\/p>\n","protected":false},"author":1,"featured_media":0,"parent":2,"menu_order":0,"comment_status":"open","ping_status":"open","template":"","meta":[],"_links":{"self":[{"href":"https:\/\/fr.wastereuse.eu\/index.php?rest_route=\/wp\/v2\/pages\/30"}],"collection":[{"href":"https:\/\/fr.wastereuse.eu\/index.php?rest_route=\/wp\/v2\/pages"}],"about":[{"href":"https:\/\/fr.wastereuse.eu\/index.php?rest_route=\/wp\/v2\/types\/page"}],"author":[{"embeddable":true,"href":"https:\/\/fr.wastereuse.eu\/index.php?rest_route=\/wp\/v2\/users\/1"}],"replies":[{"embeddable":true,"href":"https:\/\/fr.wastereuse.eu\/index.php?rest_route=%2Fwp%2Fv2%2Fcomments&post=30"}],"version-history":[{"count":7,"href":"https:\/\/fr.wastereuse.eu\/index.php?rest_route=\/wp\/v2\/pages\/30\/revisions"}],"predecessor-version":[{"id":51,"href":"https:\/\/fr.wastereuse.eu\/index.php?rest_route=\/wp\/v2\/pages\/30\/revisions\/51"}],"up":[{"embeddable":true,"href":"https:\/\/fr.wastereuse.eu\/index.php?rest_route=\/wp\/v2\/pages\/2"}],"wp:attachment":[{"href":"https:\/\/fr.wastereuse.eu\/index.php?rest_route=%2Fwp%2Fv2%2Fmedia&parent=30"}],"curies":[{"name":"wp","href":"https:\/\/api.w.org\/{rel}","templated":true}]}}