{"id":298,"date":"2013-09-29T18:59:45","date_gmt":"2013-09-29T18:59:45","guid":{"rendered":"http:\/\/www.wastereuse.eu\/fr\/?page_id=298"},"modified":"2013-10-25T12:40:21","modified_gmt":"2013-10-25T12:40:21","slug":"action-11-suivi-du-projet","status":"publish","type":"page","link":"https:\/\/fr.wastereuse.eu\/?page_id=298","title":{"rendered":"ACTION 11: Suivi du projet"},"content":{"rendered":"<p>Le suivi du projet durera 48 mois (toute la dur\u00e9e du projet) et les livrables li\u00e9s \u00e0 cette action sont limit\u00e9s \u00e0 des partenaires du consortium et les agents de LIFE.<\/p>\n","protected":false},"excerpt":{"rendered":"<p>Le suivi du projet durera 48 mois (toute la dur\u00e9e du projet) et les livrables li\u00e9s \u00e0 cette action sont limit\u00e9s \u00e0 des partenaires du consortium et les agents de LIFE.<\/p>\n","protected":false},"author":1,"featured_media":0,"parent":177,"menu_order":110,"comment_status":"open","ping_status":"open","template":"","meta":[],"_links":{"self":[{"href":"https:\/\/fr.wastereuse.eu\/index.php?rest_route=\/wp\/v2\/pages\/298"}],"collection":[{"href":"https:\/\/fr.wastereuse.eu\/index.php?rest_route=\/wp\/v2\/pages"}],"about":[{"href":"https:\/\/fr.wastereuse.eu\/index.php?rest_route=\/wp\/v2\/types\/page"}],"author":[{"embeddable":true,"href":"https:\/\/fr.wastereuse.eu\/index.php?rest_route=\/wp\/v2\/users\/1"}],"replies":[{"embeddable":true,"href":"https:\/\/fr.wastereuse.eu\/index.php?rest_route=%2Fwp%2Fv2%2Fcomments&post=298"}],"version-history":[{"count":2,"href":"https:\/\/fr.wastereuse.eu\/index.php?rest_route=\/wp\/v2\/pages\/298\/revisions"}],"predecessor-version":[{"id":348,"href":"https:\/\/fr.wastereuse.eu\/index.php?rest_route=\/wp\/v2\/pages\/298\/revisions\/348"}],"up":[{"embeddable":true,"href":"https:\/\/fr.wastereuse.eu\/index.php?rest_route=\/wp\/v2\/pages\/177"}],"wp:attachment":[{"href":"https:\/\/fr.wastereuse.eu\/index.php?rest_route=%2Fwp%2Fv2%2Fmedia&parent=298"}],"curies":[{"name":"wp","href":"https:\/\/api.w.org\/{rel}","templated":true}]}}