{"id":297,"date":"2013-09-29T18:59:42","date_gmt":"2013-09-29T18:59:42","guid":{"rendered":"http:\/\/www.wastereuse.eu\/fr\/?page_id=297"},"modified":"2013-10-25T12:39:22","modified_gmt":"2013-10-25T12:39:22","slug":"action-10-creation-dun-reseau","status":"publish","type":"page","link":"https:\/\/fr.wastereuse.eu\/?page_id=297","title":{"rendered":"ACTION 10 : Cr\u00e9ation d\u2019un r\u00e9seau"},"content":{"rendered":"<p>Le livrable &#8220;Cr\u00e9ation d&#8217;un r\u00e9seau entre les d\u00e9cideurs responsables des politiques scientifiques \/ de recherche \/ de l&#8217;industrie et du march\u00e9&#8221; pr\u00e9sente les actions de mise en r\u00e9seau qui sera pilot\u00e9 par le consortium au cours du cycle de vie du projet, ainsi que l&#8217;outil de support choisi, mis en \u0153uvre et d\u00e9ploy\u00e9 pour la promotion r\u00e9ussie des r\u00e9sultats du projet au r\u00e9seau d\u00e9fini.<\/p>\n<p>&nbsp;<br \/>\nAction 10 Cr\u00e9ation d\u2019un r\u00e9seau est une partie essentielle du projet de WasteReuse. La t\u00e2che la plus importante de l&#8217;action 10 est d&#8217;identifier les meilleures personnes de chaque groupe et de construire une base solide d&#8217;environ 30 personnes, qui ont un v\u00e9ritable int\u00e9r\u00eat sur \u200b\u200bles travaux de WasteReuse. Le principal m\u00e9canisme pr\u00e9vu pour la cr\u00e9ation du r\u00e9seau est le d\u00e9veloppement d&#8217;un r\u00e9seau d&#8217;\u00e9change actif entre scientifiques \/ chercheurs \/ industrie \/ march\u00e9 et les d\u00e9cideurs politiques.<\/p>\n<p>&nbsp;<br \/>\nCe livrable est limit\u00e9 aux partenaires et aux agents de LIFE.<\/p>\n","protected":false},"excerpt":{"rendered":"<p>Le livrable &#8220;Cr\u00e9ation d&#8217;un r\u00e9seau entre les d\u00e9cideurs responsables des politiques scientifiques \/ de recherche \/ de l&#8217;industrie et du march\u00e9&#8221; pr\u00e9sente les actions de mise en r\u00e9seau qui sera pilot\u00e9 par le consortium au cours du cycle de vie du projet, ainsi que l&#8217;outil de support choisi, mis en \u0153uvre et d\u00e9ploy\u00e9 pour la [&hellip;]<\/p>\n","protected":false},"author":1,"featured_media":0,"parent":177,"menu_order":100,"comment_status":"open","ping_status":"open","template":"","meta":[],"_links":{"self":[{"href":"https:\/\/fr.wastereuse.eu\/index.php?rest_route=\/wp\/v2\/pages\/297"}],"collection":[{"href":"https:\/\/fr.wastereuse.eu\/index.php?rest_route=\/wp\/v2\/pages"}],"about":[{"href":"https:\/\/fr.wastereuse.eu\/index.php?rest_route=\/wp\/v2\/types\/page"}],"author":[{"embeddable":true,"href":"https:\/\/fr.wastereuse.eu\/index.php?rest_route=\/wp\/v2\/users\/1"}],"replies":[{"embeddable":true,"href":"https:\/\/fr.wastereuse.eu\/index.php?rest_route=%2Fwp%2Fv2%2Fcomments&post=297"}],"version-history":[{"count":3,"href":"https:\/\/fr.wastereuse.eu\/index.php?rest_route=\/wp\/v2\/pages\/297\/revisions"}],"predecessor-version":[{"id":347,"href":"https:\/\/fr.wastereuse.eu\/index.php?rest_route=\/wp\/v2\/pages\/297\/revisions\/347"}],"up":[{"embeddable":true,"href":"https:\/\/fr.wastereuse.eu\/index.php?rest_route=\/wp\/v2\/pages\/177"}],"wp:attachment":[{"href":"https:\/\/fr.wastereuse.eu\/index.php?rest_route=%2Fwp%2Fv2%2Fmedia&parent=297"}],"curies":[{"name":"wp","href":"https:\/\/api.w.org\/{rel}","templated":true}]}}