{"id":295,"date":"2013-09-29T18:59:26","date_gmt":"2013-09-29T18:59:26","guid":{"rendered":"http:\/\/www.wastereuse.eu\/fr\/?page_id=295"},"modified":"2015-11-03T12:22:18","modified_gmt":"2015-11-03T12:22:18","slug":"action-8-utilisation-de-dechets-agricoles-traites-en-agriculture-termes-et-conditions","status":"publish","type":"page","link":"https:\/\/fr.wastereuse.eu\/?page_id=295","title":{"rendered":"ACTION 8 : utilisation de d\u00e9chets agricoles trait\u00e9s en agriculture \u2013 termes et conditions"},"content":{"rendered":"<p>Livrables:<\/p>\n<p>&#8220;<a href=\"http:\/\/www.wastereuse.eu\/fr\/wp-content\/uploads\/2013\/09\/Act8_Code_Waste_Management_Practices_ExSum.pdf\">Un code de pratiques de gestion des d\u00e9chets pour l&#8217;application agricole<\/a>&#8221;<\/p>\n<p>&#8220;<a href=\"http:\/\/www.wastereuse.eu\/fr\/wp-content\/uploads\/2013\/09\/Act8_Policy_Actions_-Measures_Means_ExSum.pdf\">Un ensemble d&#8217;actions, de mesures et de moyens qui devraient \u00eatre pris par la M\u00e9diterran\u00e9e d\u00e9cideurs nationaux \u00e0 se conformer aux exigences europ\u00e9ennes de la l\u00e9gislation<\/a>&#8221;<\/p>\n<p>Les &#8220;<a href=\"http:\/\/www.wastereuse.eu\/fr\/wp-content\/uploads\/2013\/09\/Act8_Policy_Legislative_Framework_Recommendations_ExSum.pdf\">Recommandations l\u00e9gislatives pour la politique sur la r\u00e9utilisation de d\u00e9chets agricoles<\/a>&#8220;<\/p>\n","protected":false},"excerpt":{"rendered":"<p>Livrables: &#8220;Un code de pratiques de gestion des d\u00e9chets pour l&#8217;application agricole&#8221; &#8220;Un ensemble d&#8217;actions, de mesures et de moyens qui devraient \u00eatre pris par la M\u00e9diterran\u00e9e d\u00e9cideurs nationaux \u00e0 se conformer aux exigences europ\u00e9ennes de la l\u00e9gislation&#8221; Les &#8220;Recommandations l\u00e9gislatives pour la politique sur la r\u00e9utilisation de d\u00e9chets agricoles&#8220;<\/p>\n","protected":false},"author":1,"featured_media":0,"parent":177,"menu_order":80,"comment_status":"open","ping_status":"open","template":"","meta":[],"_links":{"self":[{"href":"https:\/\/fr.wastereuse.eu\/index.php?rest_route=\/wp\/v2\/pages\/295"}],"collection":[{"href":"https:\/\/fr.wastereuse.eu\/index.php?rest_route=\/wp\/v2\/pages"}],"about":[{"href":"https:\/\/fr.wastereuse.eu\/index.php?rest_route=\/wp\/v2\/types\/page"}],"author":[{"embeddable":true,"href":"https:\/\/fr.wastereuse.eu\/index.php?rest_route=\/wp\/v2\/users\/1"}],"replies":[{"embeddable":true,"href":"https:\/\/fr.wastereuse.eu\/index.php?rest_route=%2Fwp%2Fv2%2Fcomments&post=295"}],"version-history":[{"count":6,"href":"https:\/\/fr.wastereuse.eu\/index.php?rest_route=\/wp\/v2\/pages\/295\/revisions"}],"predecessor-version":[{"id":385,"href":"https:\/\/fr.wastereuse.eu\/index.php?rest_route=\/wp\/v2\/pages\/295\/revisions\/385"}],"up":[{"embeddable":true,"href":"https:\/\/fr.wastereuse.eu\/index.php?rest_route=\/wp\/v2\/pages\/177"}],"wp:attachment":[{"href":"https:\/\/fr.wastereuse.eu\/index.php?rest_route=%2Fwp%2Fv2%2Fmedia&parent=295"}],"curies":[{"name":"wp","href":"https:\/\/api.w.org\/{rel}","templated":true}]}}