{"id":294,"date":"2013-09-29T18:58:20","date_gmt":"2013-09-29T18:58:20","guid":{"rendered":"http:\/\/www.wastereuse.eu\/fr\/?page_id=294"},"modified":"2015-11-09T19:09:51","modified_gmt":"2015-11-09T19:09:51","slug":"action-7-analyse-du-cycle-de-vie-et-analyse-de-risques","status":"publish","type":"page","link":"https:\/\/fr.wastereuse.eu\/?page_id=294","title":{"rendered":"ACTION 7 : analyse du Cycle de Vie et Analyse de Risques"},"content":{"rendered":"<p><a href=\"http:\/\/www.wastereuse.eu\/fr\/wp-content\/uploads\/2013\/09\/Act7_simplified-report_FR.pdf\">Rapport simplifi\u00e9 pour les parties prenantes int\u00e9ress\u00e9es sur l\u2019ACV et l&#8217;analyse des risques<\/a><\/p>\n","protected":false},"excerpt":{"rendered":"<p>Rapport simplifi\u00e9 pour les parties prenantes int\u00e9ress\u00e9es sur l\u2019ACV et l&#8217;analyse des risques<\/p>\n","protected":false},"author":1,"featured_media":0,"parent":177,"menu_order":70,"comment_status":"open","ping_status":"open","template":"","meta":[],"_links":{"self":[{"href":"https:\/\/fr.wastereuse.eu\/index.php?rest_route=\/wp\/v2\/pages\/294"}],"collection":[{"href":"https:\/\/fr.wastereuse.eu\/index.php?rest_route=\/wp\/v2\/pages"}],"about":[{"href":"https:\/\/fr.wastereuse.eu\/index.php?rest_route=\/wp\/v2\/types\/page"}],"author":[{"embeddable":true,"href":"https:\/\/fr.wastereuse.eu\/index.php?rest_route=\/wp\/v2\/users\/1"}],"replies":[{"embeddable":true,"href":"https:\/\/fr.wastereuse.eu\/index.php?rest_route=%2Fwp%2Fv2%2Fcomments&post=294"}],"version-history":[{"count":2,"href":"https:\/\/fr.wastereuse.eu\/index.php?rest_route=\/wp\/v2\/pages\/294\/revisions"}],"predecessor-version":[{"id":390,"href":"https:\/\/fr.wastereuse.eu\/index.php?rest_route=\/wp\/v2\/pages\/294\/revisions\/390"}],"up":[{"embeddable":true,"href":"https:\/\/fr.wastereuse.eu\/index.php?rest_route=\/wp\/v2\/pages\/177"}],"wp:attachment":[{"href":"https:\/\/fr.wastereuse.eu\/index.php?rest_route=%2Fwp%2Fv2%2Fmedia&parent=294"}],"curies":[{"name":"wp","href":"https:\/\/api.w.org\/{rel}","templated":true}]}}