{"id":2,"date":"2011-09-25T23:03:25","date_gmt":"2011-09-25T23:03:25","guid":{"rendered":"http:\/\/www.signosis.openworks.gr\/wastereuse\/?page_id=2"},"modified":"2013-10-22T21:20:10","modified_gmt":"2013-10-22T21:20:10","slug":"sample-page","status":"publish","type":"page","link":"https:\/\/fr.wastereuse.eu\/?page_id=2","title":{"rendered":"Le Projet"},"content":{"rendered":"<p>Le projet porte essentiellement sur <strong>deux probl\u00e8mes environnementaux majeurs <\/strong>:<\/p>\n<ul>\n<li>l\u2019\u00e9limination incontr\u00f4l\u00e9e des d\u00e9chets agricoles (p. ex. d\u00e9chets d\u2019ol\u00e9iculture, de viniculture, d\u2019\u00e9levage), ainsi que leur usage incontr\u00f4l\u00e9 pour l\u2019irrigation ou la fertilisation des cultures<\/li>\n<li>l\u2019usage excessif d\u2019\u00e9l\u00e9ments nutritifs et de ressources naturelles (eau, phosphates min\u00e9raux pour la production d\u2019engrais chimiques)<\/li>\n<\/ul>\n<p>et se donne pour objectifs :<\/p>\n<ul>\n<li>de promouvoir le recyclage d\u2019\u00e9l\u00e9ments nutritifs et d\u2019eau par le biais de l\u2019utilisation durable des d\u00e9chets agricoles trait\u00e9s (ou \u00e9ventuellement non trait\u00e9s)<\/li>\n<li>d\u2019\u00e9tudier des technologies modernes de traitement des d\u00e9chets organiques et des m\u00e9thodologies int\u00e9gr\u00e9es d\u2019application dans le secteur agricole, permettant d\u2019assurer le recyclage durable des \u00e9l\u00e9ments nutritifs et des effluents des d\u00e9chets, en\u00a0 tenant compte:\n<ul>\n<li>des besoins en eau et en nutriments de cultures repr\u00e9sentatives de la M\u00e9diterran\u00e9e, particuli\u00e8rement exigeantes en consommation d\u2019eau<\/li>\n<li>des valeurs des param\u00e8tres du sol permettant l\u2019\u00e9limination de ces d\u00e9chets et<\/li>\n<li>de la connaissance accumul\u00e9e \u00e0 ce jour en mati\u00e8re d\u2019utilisation durable des d\u00e9chets agricoles dans la production agricole.<\/li>\n<\/ul>\n<\/li>\n<\/ul>\n<p><strong><\/strong>La production de d\u00e9chets agricoles s\u00e9curis\u00e9s et de haute qualit\u00e9, ainsi que la protection de l\u2019environnement suscitent actuellement un vif int\u00e9r\u00eat scientifique, politique et social. Dans les pays d\u00e9velopp\u00e9s, on observe une demande croissante d\u2019am\u00e9lioration de la qualit\u00e9 des produits par rapport \u00e0 la quantit\u00e9, par le biais de pratiques assurant des \u00e9conomies d\u2019eau et r\u00e9pondant \u00e0 l\u2019exigence accrue de respect et de pr\u00e9servation de la qualit\u00e9 de l\u2019environnement\u00a0; ceci est li\u00e9 au fait que les march\u00e9s actuels des produits agricoles sont r\u00e9gis au premier chef par les choix op\u00e9r\u00e9s par les consommateurs, plut\u00f4t que par leurs besoins.<\/p>\n<p>Les syst\u00e8mes modernes d\u2019agriculture intensive sont caract\u00e9ris\u00e9s par l\u2019utilisation de quantit\u00e9s importantes d\u2019eau et d\u2019engrais. Les \u00e9l\u00e9ments nutritifs sont g\u00e9n\u00e9ralement apport\u00e9s au sol \u00a0par le syst\u00e8me d\u2019irrigation, juste apr\u00e8s la plantation, afin d\u2019assurer une production de v\u00e9g\u00e9taux sains et r\u00e9sistants. Ces pratiques se traduisent souvent par une utilisation d\u2019eau deux fois plus importante et par un recours excessif aux engrais (de plus de 20%-30%), par rapport aux quantit\u00e9s r\u00e9ellement requises. Outre le co\u00fbt de production \u00e9lev\u00e9 et la faible comp\u00e9titivit\u00e9 des produits, ces pratiques pr\u00e9sentent des risques pour l\u2019environnement tels la consommation d\u2019eau inutile, le risque de d\u00e9sertification grandissant \u00e0 cause de la salinit\u00e9 accrue du sol, la pollution\/d\u00e9gradation du sol, la pollution des eaux par infiltration des nutriments en exc\u00e8s et la r\u00e9duction de la biodiversit\u00e9 des sols. Un grand nombre de ces effets ont d\u00e9j\u00e0 \u00e9t\u00e9 constat\u00e9s dans le sud de l\u2019Europe, o\u00f9 des surfaces agricoles importantes sont touch\u00e9es par la d\u00e9sertification ou risquent de l\u2019\u00eatre dans un avenir proche, principalement \u00e0 cause de l\u2019agriculture intensive, des conditions climatiques particuli\u00e8res, des incendies et de la p\u00e9nurie d\u2019eau.<\/p>\n<p>L\u2019adoption de pratiques ayant une faible incidence sur l\u2019environnement, la mise en \u0153uvre de technologies innovantes et sp\u00e9cifiques \u00e0 chaque cas, capables de pr\u00e9venir ou de minimiser \u00a0le recours aux ressources naturelles, tout en assurant le rendement des cultures afin de r\u00e9pondre aux demandes du march\u00e9, pourraient contribuer au d\u00e9veloppement \u00e9conomique local\/r\u00e9gional, tout en pr\u00e9servant et am\u00e9liorant la qualit\u00e9 de l\u2019environnement.<\/p>\n<p><strong>Production de l\u00e9gumes, de c\u00e9r\u00e9ales et de plantes ornementales en Europe <\/strong><\/p>\n<p>L\u2019agriculture aura \u00e9t\u00e9 et reste encore aujourd\u2019hui un secteur \u00e9conomique majeur sur le pourtour m\u00e9diterran\u00e9en. La production totale de fruits et l\u00e9gumes en Europe s\u2019\u00e9l\u00e8ve \u00e0 pr\u00e8s de 115 millions de tonnes par an (production qui la classe au troisi\u00e8me rang mondial, derri\u00e8re l\u2019Asie (700 millions de tonnes) et l\u2019Am\u00e9rique latine et Cara\u00efbes (127 millions de tonnes).<\/p>\n<p>En Europe, le premier pays producteur de fruits est l\u2019Espagne (32,3%), suivie par l\u2019Italie (30,4%), la France (13,3%) et la Gr\u00e8ce (9,7%). Quant \u00e0 la production l\u00e9gumi\u00e8re, l\u2019Italie (23,9%) est le plus grand producteur, suivie par l\u2019Espagne (20,9%) et la France (14,6%). Pour ce qui est des c\u00e9r\u00e9ales, l\u2019Espagne et l\u2019Italie figurent parmi les 5 plus grands producteurs europ\u00e9ens (France, Allemagne, Royaume-Uni, Espagne et Italie), alors que, selon la FAO, les c\u00e9r\u00e9ales occupent en Espagne 44,51% des terres agricoles. Par ailleurs, 44% de la production mondiale de plantes ornementales et de fleurs est issue de l\u2019Union europ\u00e9enne, l\u2019Italie occupant la deuxi\u00e8me place (15% de la production totale europ\u00e9enne), apr\u00e8s les Pays-Bas (32%).<\/p>\n<p><strong>D\u00e9chets agricoles<\/strong><\/p>\n<p>Au sens strict du terme, on entend par \u00ab\u00a0d\u00e9chets agricoles\u00a0\u00bb les d\u00e9chets produits par les pratiques agricoles courantes (p.ex. r\u00e9sidus v\u00e9g\u00e9taux, \u00e9lagages). La composition de ces mat\u00e9riaux n\u2019est pas constante\u00a0; elle se caract\u00e9rise en r\u00e8gle g\u00e9n\u00e9rale par un ratio \u00e9lev\u00e9 C\/N carbone sur azote), par une grande variabilit\u00e9 de leur teneur en eau, li\u00e9e \u00e0 la phase de croissance des cultures et \u00e0 la p\u00e9riode de r\u00e9colte, ainsi que par une charge \u00e9lev\u00e9e en mati\u00e8res organiques, et une charge min\u00e9rale d\u00e9pendant de la nature des r\u00e9sidus et de leur composition.<\/p>\n<p>Le degr\u00e9 de biod\u00e9gradation de ces r\u00e9sidus d\u00e9pend de leur teneur en composantes ais\u00e9ment biod\u00e9gradables \u00a0(p.ex. sucres, cellulose, h\u00e9micellulose) et en composantes plus r\u00e9sistantes, tels la lignine et les polyph\u00e9nols. La pr\u00e9sence par ailleurs d\u2019agents pathog\u00e8nes et de pesticides r\u00e9siduels est fort probable, ce qui devrait \u00eatre pris en compte lors du traitement et de la gestion de ces d\u00e9chets.<\/p>\n<p>Une des caract\u00e9ristiques des d\u00e9chets agricoles, qui rend souvent difficile leur gestion optimale, est li\u00e9e au fait qu\u2019ils sont produits en grande quantit\u00e9 pendant des p\u00e9riodes pr\u00e9cises de l\u2019ann\u00e9e (production saisonni\u00e8re). Il en r\u00e9sulte un besoin urgent de les \u00e9loigner du site de production pour \u00e9viter la survenue de probl\u00e8mes lors des travaux et de la production agricoles, pr\u00e9venir la transmission de maladies aux plantations, et minimiser le risque d\u2019incendies.<\/p>\n<p>Au sens large du terme, les \u00abd\u00e9chets agricoles\u00bb incluent \u00e9galement les sous-produits d\u2019origine v\u00e9g\u00e9tale g\u00e9n\u00e9r\u00e9s par les industries agroalimentaires (p.ex. production d\u2019huile d\u2019olive, de vin, de jus, traitement de fruits secs, etc.), ainsi que divers types de r\u00e9sidus (p.ex. <em>compost produit avec des r\u00e9sidus<\/em><em> <\/em>de<em> <\/em><em>champignonni\u00e8res et des substrats utilis\u00e9s en cultures en serre<\/em>). Cette cat\u00e9gorie inclut \u00e9galement les effluents et les d\u00e9chets solides issus de l\u2019\u00e9levage, de l\u2019aviculture, des d\u00e9chets liquides g\u00e9n\u00e9r\u00e9s lors du lavage et de l\u2019\u00e9pluchage de fruits et l\u00e9gumes, de processus de blanchiment, etc.<\/p>\n<p>L\u2019industrie agricole g\u00e9n\u00e8re des effluents et des r\u00e9sidus solides \u00e0 charge organique \u00e9lev\u00e9e. Caract\u00e9ris\u00e9e par une forte saisonnalit\u00e9, cette fili\u00e8re industrielle produit une grande quantit\u00e9 de d\u00e9chets et n\u00e9cessite ainsi la mise au point de technologies appropri\u00e9es, capables d\u2019assurer le transfert rapide des d\u00e9chets du lieu de production vers le site de collecte, de traitement et d\u2019\u00e9limination finale, en minimisant les risques. Outre la complexit\u00e9 due au caract\u00e8re saisonnier de la production ces d\u00e9chets, leur gestion devient encore plus difficile \u00e0 cause de leur composition variable, \u00e9tant donn\u00e9 que leurs caract\u00e9ristiques quantitatives et qualitatives sont conditionn\u00e9es par les pratiques appliqu\u00e9es lors de production primaire et secondaire, les conditions climatiques et les conditions locales sp\u00e9cifiques.<\/p>\n<p>L\u2019impact environnemental de l\u2019\u00e9limination incontr\u00f4l\u00e9e de ce type de d\u00e9chets est consid\u00e9rable\u00a0;\u00a0 il faut, d\u00e8s lors, pour assurer la p\u00e9rennit\u00e9 des r\u00e9gions agricoles, d\u00e9velopper des strat\u00e9gies assurant une gestion durable. L\u2019\u00e9limination incontr\u00f4l\u00e9e peut entra\u00eener la pollution du sol et des syst\u00e8mes hydriques (eaux de surface ou souterraines), et lib\u00e9rer dans l\u2019atmosph\u00e8re des gaz \u00e0 effet de serre tels le m\u00e9thane, l\u2019ammoniac et le dioxyde de carbone. La pr\u00e9sence de ces gaz dans les eaux de surface et souterraines entra\u00eene une forte augmentation de la charge organique de ces syst\u00e8mes hydriques, causant une r\u00e9duction consid\u00e9rable de l\u2019oxyg\u00e8ne dissous dans l\u2019eau, et, partant, l\u2019asphyxie des organismes aquatiques, la production et l\u2019\u00e9mission de biogaz et l\u2019eutrophisation. Lorsque la teneur des effluents est importante en solides, il y a un risque consid\u00e9rable de formation de s\u00e9diments au fond des capteurs d\u2019eau de surface, o\u00f9 des processus ana\u00e9robiques entra\u00eenent la production de substances toxiques pour les organismes (p.ex. le sulfure). Par ailleurs, les r\u00e9sidus de pesticides et d\u2019autres produits agrochimiques largement utilis\u00e9s dans l\u2019agriculture constituent une source suppl\u00e9mentaire de pollution.<\/p>\n<p>L\u2019\u00e9limination des d\u00e9chets par retour au sol provoque g\u00e9n\u00e9ralement une hausse de la teneur en azote organique, qui se min\u00e9ralisera et s\u2019infiltrera par lixiviation, pour sa plus grande partie, vers les couches inf\u00e9rieures, mena\u00e7ant d\u2019accro\u00eetre la teneur de sols et des eaux en nitrates.<\/p>\n<p>Tous les ans, les pays m\u00e9diterran\u00e9ens produisent des quantit\u00e9s importantes de d\u00e9chets agricoles. On estime, par exemple, que la culture de c\u00e9r\u00e9ales entra\u00eene la production de pr\u00e8s de 5,5 &#8211; 11,0 tonnes de d\u00e9chets secs par hectare, que l\u2019\u00e9lagage des arbres en produit 1,3 \u00e0 3,0 tonnes par hectare, alors que la production annuelle moyenne de d\u00e9chets d\u2019huileries, ayant lieu entre les mois de novembre et mars chaque ann\u00e9e, varie entre 10&#215;10<sup>6<\/sup> et 12&#215;10<sup>6<\/sup> m<sup>3<\/sup>. Ces exemples donnent une id\u00e9e des \u00e9normes quantit\u00e9s de d\u00e9chets agricoles produits tous les ans et confirment le besoin de d\u00e9velopper des strat\u00e9gies de gestion durable incluant le recyclage et la r\u00e9utilisation de ces d\u00e9chets.<\/p>\n<p><strong>Recyclage et r\u00e9utilisation des d\u00e9chets agricoles <\/strong><\/p>\n<p>La p\u00e9nurie d\u2019eau et la sensibilisation grandissante en mati\u00e8re d\u2019environnement ont conduit \u00e0 la r\u00e9utilisation d\u2019effluents agricoles pour l\u2019irrigation des cultures. Les pays m\u00e9diterran\u00e9ens \u00e9tant caract\u00e9ris\u00e9s par un climat sec ou m\u00eame aride, avec des pr\u00e9cipitations principalement saisonni\u00e8res et in\u00e9galement r\u00e9parties, ont des besoins accrus en eau potable et en eau d\u2019irrigation induisant une forte baisse des ressources d\u2019eau disponibles. Par cons\u00e9quent, la r\u00e9utilisation des eaux us\u00e9es, notamment en agriculture, figure de plus en plus dans les projets de gestion int\u00e9gr\u00e9e des ressources hydriques.<\/p>\n<p>Il importe donc de se doter de lignes directrices pour mettre au point et appliquer sans risque des proc\u00e9d\u00e9s de r\u00e9utilisation des d\u00e9chets \u00e0 des fins d\u2019irrigation, susceptibles de promouvoir le d\u00e9veloppement de m\u00e9thodes de production optimales, en sus de la pr\u00e9servation de la qualit\u00e9 de l\u2019environnement. De fait, il s\u2019av\u00e8re indispensable d\u2019adopter une strat\u00e9gie commune de traitement et de r\u00e9utilisation des d\u00e9chets en M\u00e9diterran\u00e9e. L\u2019exploitation efficace de l\u2019eau pluviale et la r\u00e9utilisation des effluents seront bient\u00f4t au c\u0153ur du d\u00e9bat conduisant \u00e0 la prise de d\u00e9cisions pour le Sud de l\u2019Europe, comme cela a \u00e9t\u00e9 le cas en Afrique du Nord et au Moyen Orient.<\/p>\n<p>La pr\u00e9servation des sols, des eaux et de l\u2019atmosph\u00e8re n\u00e9cessite une bonne gestion des d\u00e9chets organiques issus de l\u2019activit\u00e9 agricole. La r\u00e9utilisation des d\u00e9chets agricoles dans l\u2019agriculture est un proc\u00e9d\u00e9 traditionnel de valorisation de ces d\u00e9chets ayant d\u00e9j\u00e0 fait ses preuves.\u00a0 Appliqu\u00e9 de mani\u00e8re appropri\u00e9e, ce proc\u00e9d\u00e9 constitue une bonne m\u00e9thode de gestion des d\u00e9chets, induisant \u00e9galement des b\u00e9n\u00e9fices consid\u00e9rables pour les agriculteurs.<\/p>\n<p>Les d\u00e9chets agricoles \u00e9tant riches en mati\u00e8res organiques et en substances min\u00e9rales macro et micro nutritives, leur recyclage en agriculture permettrait de contribuer\u00a0:<\/p>\n<ul>\n<li>\u00e0 la r\u00e9duction significative du volume des d\u00e9chets \u00e9limin\u00e9s dans l\u2019environnement<\/li>\n<li>au recyclage des oligo-\u00e9l\u00e9ments et de l\u2019eau en agriculture, ce qui r\u00e9duirait le co\u00fbt de production des produits et les rendrait plus comp\u00e9titifs sur les march\u00e9s europ\u00e9ens et internationaux.<\/li>\n<li>\u00e0 la protection des sources renouvelables et non renouvelables (sols, syst\u00e8mes hydriques), gr\u00e2ce \u00e0 la r\u00e9duction du volume des d\u00e9chets \u00e9limin\u00e9s et au recyclage de certains \u00e9l\u00e9ments.<\/li>\n<\/ul>\n<p>N\u00e9anmoins, lors de l\u2019\u00e9tude d\u2019un proc\u00e9d\u00e9 d\u2019\u00e9limination des d\u00e9chets au sol (p.ex. \u00e0 des fins d\u2019irrigation), il convient d\u2019examiner non seulement la charge organique et la teneur en substances toxiques (polyph\u00e9nols, r\u00e9sidus de pesticides), mais \u00e9galement la charge min\u00e9rale, puisque, comme il a \u00e9t\u00e9 d\u00e9montr\u00e9, celle-ci peut provoquer une grave d\u00e9gradation du sol m\u00eame si elle ne menace pas directement la sant\u00e9 des hommes et des animaux. \u00a0Ainsi, les concentrations \u00e9lev\u00e9es de K, Cl<sup>&#8211;<\/sup>, NO<sub>3<\/sub><sup>&#8211;<\/sup>, SO<sub>4<\/sub><sup>2-<\/sup>, P, Mg, Fe, Zn et d\u2019autres substances inorganiques dans les d\u00e9chets \u00e9limin\u00e9s au sol provoquent une variation importante de la teneur de ces substances dans le sol, ainsi que des \u00a0propri\u00e9t\u00e9s physico-chimiques (p.ex. conductivit\u00e9 \u00e9lectrique, pH, \u039a, Ca, Mg disponibles, etc.) du sol.<sup>1<\/sup><\/p>\n<p>Ces donn\u00e9es ont \u00e9galement \u00e9t\u00e9 confirm\u00e9es par les r\u00e9sultats du projet <strong>LIFE 07 ENV\/GR\/000280<\/strong> sur les \u00abStrat\u00e9gies d\u2019am\u00e9lioration et de pr\u00e9servation de la qualit\u00e9 du sol suite \u00e0 l\u2019\u00e9limination des d\u00e9chets d\u2019huileries dans la r\u00e9gion m\u00e9diterran\u00e9enne &#8211; <strong>PROSODOL<\/strong>&#8221; (http:\/\/www.prosodol.gr). Il a ainsi \u00e9t\u00e9 constat\u00e9 que les propri\u00e9t\u00e9s du sol sont fortement affect\u00e9es par l\u2019\u00e9limination directe au sol de d\u00e9chets d\u2019huileries non trait\u00e9s et dans des bassins de vaporisation en terre mal prot\u00e9g\u00e9s (r\u00e9servoirs de vaporisation).<\/p>\n<p>Les sols \u00e9pand\u00e9s avec des d\u00e9chets de huilerie sont enrichis en mati\u00e8res organiques, en nutriments min\u00e9raux et en polyph\u00e9nols<sup>1,2<\/sup>. Bien que la mati\u00e8re organique et les \u00e9l\u00e9ments nutritifs soient susceptibles d\u2019accro\u00eetre la fertilit\u00e9 du sol, on peut craindre de graves probl\u00e8mes de d\u00e9gradation de la qualit\u00e9 du sol, \u00e9tant donn\u00e9 que la concentration des \u00e9l\u00e9ments min\u00e9raux cro\u00eet consid\u00e9rablement, d\u00e9passant la plupart du temps les valeurs limites r\u00e9glementaires.<\/p>\n<p>Par ailleurs, l\u2019adjonction de la mati\u00e8re organique des d\u00e9chets -g\u00e9n\u00e9ralement mal stabilis\u00e9e-, bien qu\u2019induisant une augmentation de la charge organique globale du sol, pourrait engendrer une s\u00e9rie d\u2019effets pr\u00e9judiciables autant pour les propri\u00e9t\u00e9s du sol, que pour la croissance des plantations, tels l\u2019augmentation du degr\u00e9 de min\u00e9ralisation du carbone organique dans le sol, des conditions favorables au d\u00e9clenchement de processus ana\u00e9robiques et la formation de substances phytotoxiques <sup>3.4<\/sup>.<\/p>\n<p>Il y a eu dans le pass\u00e9 des \u00e9tudes et des projets dont l\u2019objectif \u00e9tait la mise au point de technologies de traitement des d\u00e9chets agricoles, dont l\u2019int\u00e9r\u00eat portait principalement sur la r\u00e9duction de la charge organique (COD, BOD) et la r\u00e9duction ou la r\u00e9cup\u00e9ration de substances pr\u00e9cieuses contenues dans ces d\u00e9chets, souvent toxiques pour l\u2019environnement, tels les polyph\u00e9nols des d\u00e9chets d\u2019huilerie. Cependant, malgr\u00e9 l\u2019\u00e9laboration de technologies appropri\u00e9es, reste encore \u00e0 identifier clairement la pi\u00e8ce manquante du puzzle, \u00e0 savoir le degr\u00e9 de contribution de la charge min\u00e9rale des d\u00e9chets dans l\u2019application efficace de ces technologies dans le secteur agricole, ainsi que dans la pr\u00e9servation de la qualit\u00e9 de l\u2019environnement.<\/p>\n<p>Bien que l\u2019impact des d\u00e9chets trait\u00e9s sur la croissance et le rendement de certaines esp\u00e8ces v\u00e9g\u00e9tales ait \u00e9t\u00e9 \u00e9tudi\u00e9 lors du d\u00e9veloppement de plusieurs technologies, il convient de souligner que, afin d\u2019utiliser sans risque des d\u00e9chets trait\u00e9s dans l\u2019agriculture, il faudrait \u00e9laborer des pratiques agricoles sp\u00e9cifiques apr\u00e8s \u00e9tude d\u00e9taill\u00e9e des param\u00e8tres suivants\u00a0:<\/p>\n<ul>\n<li>Impact des d\u00e9chets sur la croissance des plantes et sur les propri\u00e9t\u00e9s quantitatives et qualitatives de la production<\/li>\n<li>Besoins des plantes cultiv\u00e9es en eau et en \u00e9l\u00e9ments nutritifs<\/li>\n<li>Impact des d\u00e9chets sur les propri\u00e9t\u00e9s du sol<\/li>\n<li>Conditions p\u00e9do-climatiques dominantes<\/li>\n<li>Conditions environnementales<\/li>\n<\/ul>\n<p>Le projet WasteReuse a pour but principal de d\u00e9velopper des pratiques agricoles alternatives sp\u00e9cifiques, impliquant l\u2019utilisation de d\u00e9chets agricoles trait\u00e9s (ou \u00e9ventuellement non trait\u00e9s), en tenant compte de tous les facteurs pr\u00e9cit\u00e9s qui affectent non seulement la production agricole, mais \u00e9galement la qualit\u00e9 du sol, des syst\u00e8mes hydriques et de l\u2019atmosph\u00e8re.<\/p>\n<p><strong>Bibliographie<\/strong><\/p>\n<p>1. Kavvadias, V., Doula, M., Komnitsas, K., Liakopoulou, N. Elimination des d\u00e9chets d\u2019huilerie dans des bassins d\u2019\u00e9vaporation : impacts sur les propri\u00e9t\u00e9s du sol, <em>J. Hazardous Mater.<\/em> 182, (2010), 144-155.<\/p>\n<p>2. Doula M., Kavvadias, V. Theocharopoulos S., Kouloumbis P., Ikonomou, D., Arapoglou D. Impacts environnementaux sur la qualit\u00e9 des sols caus\u00e9s par l\u2019\u00e9limination des d\u00e9chets d\u2019huilerie. Etude de cas : une municipalit\u00e9 en Cr\u00e8te, Gr\u00e8ce. Actes du colloque AMIREG 2009 : Progr\u00e8s dans la gestion des ressources et des d\u00e9chets dangereux vers un d\u00e9veloppement durable, 3<sup>\u00e8me<\/sup> Conf\u00e9rence Internationale, 7-7 septembre, Ath\u00e8nes, Gr\u00e8ce, pp. 84<\/p>\n<p>3. Cereti, C.F., Rossini, F., Federici, F., Quaratino, D., Vassilev, N., Fenice, M. R\u00e9utilisation des d\u00e9chets d\u2019huilerie trait\u00e9s aux agents antimicrobiens pour la fertilisation des cultures de bl\u00e9 (Triticum durum Desf.). <em>Biosour. Technol<\/em>. 91 (2004), 135-140.<\/p>\n<p>4. Komilis, D.P. Karatzas, E., Halvadakis, C.P. L\u2019impact des effluents d\u2019huilerie sur la germination des graines selon divers techniques de pr\u00e9-traitement. <em>J. Environ. Manag<\/em>. 74 (2005), 339-348.<strong><\/strong><\/p>\n","protected":false},"excerpt":{"rendered":"<p>Le projet porte essentiellement sur deux probl\u00e8mes environnementaux majeurs : l\u2019\u00e9limination incontr\u00f4l\u00e9e des d\u00e9chets agricoles (p. ex. d\u00e9chets d\u2019ol\u00e9iculture, de viniculture, d\u2019\u00e9levage), ainsi que leur usage incontr\u00f4l\u00e9 pour l\u2019irrigation ou la fertilisation des cultures l\u2019usage excessif d\u2019\u00e9l\u00e9ments nutritifs et de ressources naturelles (eau, phosphates min\u00e9raux pour la production d\u2019engrais chimiques) et se donne pour objectifs [&hellip;]<\/p>\n","protected":false},"author":1,"featured_media":0,"parent":0,"menu_order":0,"comment_status":"open","ping_status":"open","template":"","meta":[],"_links":{"self":[{"href":"https:\/\/fr.wastereuse.eu\/index.php?rest_route=\/wp\/v2\/pages\/2"}],"collection":[{"href":"https:\/\/fr.wastereuse.eu\/index.php?rest_route=\/wp\/v2\/pages"}],"about":[{"href":"https:\/\/fr.wastereuse.eu\/index.php?rest_route=\/wp\/v2\/types\/page"}],"author":[{"embeddable":true,"href":"https:\/\/fr.wastereuse.eu\/index.php?rest_route=\/wp\/v2\/users\/1"}],"replies":[{"embeddable":true,"href":"https:\/\/fr.wastereuse.eu\/index.php?rest_route=%2Fwp%2Fv2%2Fcomments&post=2"}],"version-history":[{"count":10,"href":"https:\/\/fr.wastereuse.eu\/index.php?rest_route=\/wp\/v2\/pages\/2\/revisions"}],"predecessor-version":[{"id":341,"href":"https:\/\/fr.wastereuse.eu\/index.php?rest_route=\/wp\/v2\/pages\/2\/revisions\/341"}],"wp:attachment":[{"href":"https:\/\/fr.wastereuse.eu\/index.php?rest_route=%2Fwp%2Fv2%2Fmedia&parent=2"}],"curies":[{"name":"wp","href":"https:\/\/api.w.org\/{rel}","templated":true}]}}