{"id":153,"date":"2011-11-18T02:01:34","date_gmt":"2011-11-18T02:01:34","guid":{"rendered":"http:\/\/www.signosis.openworks.gr\/wastereuse\/?page_id=153"},"modified":"2013-09-29T22:23:08","modified_gmt":"2013-09-29T22:23:08","slug":"action-12-after-life-communication-plan","status":"publish","type":"page","link":"https:\/\/fr.wastereuse.eu\/?page_id=153","title":{"rendered":"ACTION 12 : plan de communication et de diffusion des r\u00e9sultats apr\u00e8s l\u2019ach\u00e8vement du projet"},"content":{"rendered":"<p>Entit\u00e9 charg\u00e9e de la mise en \u0153uvre :\u00a0 <span style=\"text-decoration: underline;\">Signosis Sprl.<\/span><\/p>\n<p>Un plan de diffusion\/diss\u00e9mination des r\u00e9sultats et de communication aupr\u00e8s des instances concern\u00e9es sera pr\u00e9par\u00e9 pendant la mise en \u0153uvre du projet, afin qu\u2019il soit r\u00e9alis\u00e9 apr\u00e8s la fin du projet, en assurant la diss\u00e9mination continue des r\u00e9sultats et leur application dans des projets futurs.<\/p>\n","protected":false},"excerpt":{"rendered":"<p>Entit\u00e9 charg\u00e9e de la mise en \u0153uvre :\u00a0 Signosis Sprl. Un plan de diffusion\/diss\u00e9mination des r\u00e9sultats et de communication aupr\u00e8s des instances concern\u00e9es sera pr\u00e9par\u00e9 pendant la mise en \u0153uvre du projet, afin qu\u2019il soit r\u00e9alis\u00e9 apr\u00e8s la fin du projet, en assurant la diss\u00e9mination continue des r\u00e9sultats et leur application dans des projets futurs.<\/p>\n","protected":false},"author":1,"featured_media":0,"parent":35,"menu_order":0,"comment_status":"open","ping_status":"closed","template":"","meta":[],"_links":{"self":[{"href":"https:\/\/fr.wastereuse.eu\/index.php?rest_route=\/wp\/v2\/pages\/153"}],"collection":[{"href":"https:\/\/fr.wastereuse.eu\/index.php?rest_route=\/wp\/v2\/pages"}],"about":[{"href":"https:\/\/fr.wastereuse.eu\/index.php?rest_route=\/wp\/v2\/types\/page"}],"author":[{"embeddable":true,"href":"https:\/\/fr.wastereuse.eu\/index.php?rest_route=\/wp\/v2\/users\/1"}],"replies":[{"embeddable":true,"href":"https:\/\/fr.wastereuse.eu\/index.php?rest_route=%2Fwp%2Fv2%2Fcomments&post=153"}],"version-history":[{"count":4,"href":"https:\/\/fr.wastereuse.eu\/index.php?rest_route=\/wp\/v2\/pages\/153\/revisions"}],"predecessor-version":[{"id":321,"href":"https:\/\/fr.wastereuse.eu\/index.php?rest_route=\/wp\/v2\/pages\/153\/revisions\/321"}],"up":[{"embeddable":true,"href":"https:\/\/fr.wastereuse.eu\/index.php?rest_route=\/wp\/v2\/pages\/35"}],"wp:attachment":[{"href":"https:\/\/fr.wastereuse.eu\/index.php?rest_route=%2Fwp%2Fv2%2Fmedia&parent=153"}],"curies":[{"name":"wp","href":"https:\/\/api.w.org\/{rel}","templated":true}]}}