{"id":152,"date":"2011-11-18T02:00:42","date_gmt":"2011-11-18T02:00:42","guid":{"rendered":"http:\/\/www.signosis.openworks.gr\/wastereuse\/?page_id=152"},"modified":"2013-09-29T22:22:52","modified_gmt":"2013-09-29T22:22:52","slug":"action-11-project-monitoring","status":"publish","type":"page","link":"https:\/\/fr.wastereuse.eu\/?page_id=152","title":{"rendered":"ACTION 11: Suivi du projet"},"content":{"rendered":"<p>Entit\u00e9 charg\u00e9e de la mise en \u0153uvre : <span style=\"text-decoration: underline;\">Ecole Polytechnique de Cr\u00e8te<\/span><\/p>\n<p>Cette action durera 48 mois (tout au long du d\u00e9ploiement du projet) et aura pour but d\u2019\u00e9tablir un \u00e9tat des lieux et de documenter l\u2019efficacit\u00e9 des actions du projet par rapport \u00e0 la situation initiale, aux objectifs, aux b\u00e9n\u00e9fices escompt\u00e9s et aux impacts\/avantages environnementaux. Quatre (4) comit\u00e9s seront ainsi mis en place (Figure 2) : un Comit\u00e9 de Pilotage (Steering Committee), un Comit\u00e9 de Suivi (Monitoring Committee), un Comit\u00e9 Technique (Technical Committee) et un Comit\u00e9 de Diss\u00e9mination des r\u00e9sultats (Dissemination Committee) :<\/p>\n<p style=\"text-align: center;\"><a href=\"http:\/\/www.wastereuse.eu\/wp-content\/uploads\/2011\/11\/image003.jpg\"><img decoding=\"async\" class=\"aligncenter size-large wp-image-156\" title=\"image003\" src=\"http:\/\/www.wastereuse.eu\/wp-content\/uploads\/2011\/11\/image003-1024x736.jpg\" alt=\"\" width=\"500\" srcset=\"https:\/\/fr.wastereuse.eu\/wp-content\/uploads\/2011\/11\/image003-1024x736.jpg 1024w, https:\/\/fr.wastereuse.eu\/wp-content\/uploads\/2011\/11\/image003-300x215.jpg 300w, https:\/\/fr.wastereuse.eu\/wp-content\/uploads\/2011\/11\/image003.jpg 1407w\" sizes=\"(max-width: 1024px) 100vw, 1024px\" \/><\/a><\/p>\n<p>Comit\u00e9 de Pilotage (CP)<\/p>\n<p>Pr\u00e9sid\u00e9 par le Prof. K. Komnitsas<\/p>\n<p>Coordinateur du Projet\u00a0: Ecole Polytechnique de Cr\u00e8te<\/p>\n<p>Comit\u00e9 de Suivi (CS)<\/p>\n<p>Coordinateur\u00a0: Dr M. T. Hernandez<\/p>\n<p>(CEBAS)<\/p>\n<p>Comit\u00e9 Technique\u00a0(CT)<\/p>\n<p>Coordinateur\u00a0: Dr F. Tinivella<\/p>\n<p>(CERSAA)<\/p>\n<p>Comit\u00e9 de Diss\u00e9mination des r\u00e9sultats (CD)<\/p>\n<p>Coordinatrice\u00a0: Mme Elena Tavlaki (Signosis Sarl)<\/p>\n<p>Actions 1, 2,\u00a0 7, 11<\/p>\n<p>Responsable\u00a0: Ecole Polytechnique de Cr\u00e8te<\/p>\n<p>Actions 3, 5<\/p>\n<p>Responsable CEBAS<\/p>\n<p>Action 6<\/p>\n<p>Responsable CERSAA<\/p>\n<p>Action 4<\/p>\n<p>Responsable Laboratorio chimico<\/p>\n<p>Actions 8, 9, 10, 12<\/p>\n<p>Responsable\u00a0: Signosis Sarl<\/p>\n<p>Figure 2\u00a0: Comit\u00e9s assurant le suivi et l\u2019encadrement du projet<\/p>\n<p>&nbsp;<\/p>\n<p><strong>&#8211; Comit\u00e9 de pilotage (CP). <\/strong>\u00a0Il est charg\u00e9 de la coordination scientifique du projet, de la prise de d\u00e9cisions, de la strat\u00e9gie globale et des politiques du projet. Le comit\u00e9 est compos\u00e9 d\u2019un responsable de chaque entit\u00e9 participante.<\/p>\n<p><strong>&#8211; Comit\u00e9 de suivi (CS): <\/strong>Il est<strong> <\/strong>habilit\u00e9 \u00e0 superviser le respect du calendrier de chaque action, suivre l\u2019\u00e9tat d\u2019avancement des objectifs fix\u00e9s et valider les indicateurs de suivi. Il est compos\u00e9 de quatre membres, un pour chaque pays partenaire.<\/p>\n<p><strong>\u2013 Comit\u00e9 technique (CT):<\/strong> il est compos\u00e9 des coordinateurs scientifiques\/techniques des entit\u00e9s participantes et a pour but de d\u00e9finir, de r\u00e9partir et de superviser toutes les actions, leurs performances, le respect du calendrier, et de r\u00e9soudre les probl\u00e8mes techniques.<\/p>\n<p><strong>&#8211; Comit\u00e9 de diss\u00e9mination des r\u00e9sultats (CD) <\/strong>: il est compos\u00e9 d\u2019un repr\u00e9sentant de chaque entit\u00e9 participante, ayant l\u2019exp\u00e9rience de la conception et de la mise en \u0153uvre d\u2019actions de diss\u00e9mination de l\u2019information. Le comit\u00e9 est charg\u00e9 de la strat\u00e9gie globale de diss\u00e9mination des r\u00e9sultats, de l\u2019organisation et de la conception d\u2019actions, de l\u2019\u00e9valuation de l\u2019impact de la strat\u00e9gie, de l\u2019\u00e9valuation des donn\u00e9es apr\u00e8s la mise en \u0153uvre d\u2019actions de diffusion, et l\u2019instauration de liens avec les principales instances et les acteurs europ\u00e9ens.<\/p>\n","protected":false},"excerpt":{"rendered":"<p>Entit\u00e9 charg\u00e9e de la mise en \u0153uvre : Ecole Polytechnique de Cr\u00e8te Cette action durera 48 mois (tout au long du d\u00e9ploiement du projet) et aura pour but d\u2019\u00e9tablir un \u00e9tat des lieux et de documenter l\u2019efficacit\u00e9 des actions du projet par rapport \u00e0 la situation initiale, aux objectifs, aux b\u00e9n\u00e9fices escompt\u00e9s et aux impacts\/avantages [&hellip;]<\/p>\n","protected":false},"author":1,"featured_media":0,"parent":35,"menu_order":0,"comment_status":"open","ping_status":"open","template":"","meta":[],"_links":{"self":[{"href":"https:\/\/fr.wastereuse.eu\/index.php?rest_route=\/wp\/v2\/pages\/152"}],"collection":[{"href":"https:\/\/fr.wastereuse.eu\/index.php?rest_route=\/wp\/v2\/pages"}],"about":[{"href":"https:\/\/fr.wastereuse.eu\/index.php?rest_route=\/wp\/v2\/types\/page"}],"author":[{"embeddable":true,"href":"https:\/\/fr.wastereuse.eu\/index.php?rest_route=\/wp\/v2\/users\/1"}],"replies":[{"embeddable":true,"href":"https:\/\/fr.wastereuse.eu\/index.php?rest_route=%2Fwp%2Fv2%2Fcomments&post=152"}],"version-history":[{"count":6,"href":"https:\/\/fr.wastereuse.eu\/index.php?rest_route=\/wp\/v2\/pages\/152\/revisions"}],"predecessor-version":[{"id":320,"href":"https:\/\/fr.wastereuse.eu\/index.php?rest_route=\/wp\/v2\/pages\/152\/revisions\/320"}],"up":[{"embeddable":true,"href":"https:\/\/fr.wastereuse.eu\/index.php?rest_route=\/wp\/v2\/pages\/35"}],"wp:attachment":[{"href":"https:\/\/fr.wastereuse.eu\/index.php?rest_route=%2Fwp%2Fv2%2Fmedia&parent=152"}],"curies":[{"name":"wp","href":"https:\/\/api.w.org\/{rel}","templated":true}]}}