{"id":150,"date":"2011-11-18T01:58:48","date_gmt":"2011-11-18T01:58:48","guid":{"rendered":"http:\/\/www.signosis.openworks.gr\/wastereuse\/?page_id=150"},"modified":"2013-09-29T22:24:08","modified_gmt":"2013-09-29T22:24:08","slug":"action-9-dissemination","status":"publish","type":"page","link":"https:\/\/fr.wastereuse.eu\/?page_id=150","title":{"rendered":"ACTION 9: Diffusion des R\u00e9sultats"},"content":{"rendered":"<p>Entit\u00e9 charg\u00e9e de la mise en oeuvre: <span style=\"text-decoration: underline;\">Signosis Sprl.<\/span><\/p>\n<p>Le plan de diffusion\/diss\u00e9mination des r\u00e9sultats se d\u00e9roulera sur 4 ans, sur l\u2019ensemble donc de la dur\u00e9e du projet. Cette action a pour but de diffuser les r\u00e9sultats du projet, afin que les r\u00e9alisations et les connaissances acquises soient mises \u00e0 la disposition de tous les acteurs, les services, les scientifiques et les particuliers qui d\u00e9sirent les adopter et les mettre en place. Les r\u00e9sultats seront par ailleurs diss\u00e9min\u00e9s sur le plan national aupr\u00e8s des instances impliqu\u00e9es et des instances concern\u00e9es, ainsi qu\u2019aupr\u00e8s de l\u2019Union europ\u00e9enne, des autorit\u00e9s locales en Gr\u00e8ce, en Italie, en Espagne et enfin, \u00e0 l\u2019\u00e9chelle internationale.<\/p>\n<p><span style=\"text-decoration: underline;\">\u0391<\/span><span style=\"text-decoration: underline;\">. Diss\u00e9mination sur le plan national<\/span><\/p>\n<p>Quatre s\u00e9minaires seront organis\u00e9s au cours des deux derni\u00e8res ann\u00e9es du projet (un s\u00e9minaire dans chaque pays partenaire), en vue de pr\u00e9senter les r\u00e9alisations du projet. Les s\u00e9minaires seront principalement ax\u00e9s sur les th\u00e8mes suivants: technologies innovantes d\u00e9velopp\u00e9es au sein de l\u2019Union europ\u00e9enne, et notamment dans les pays m\u00e9diterran\u00e9ens, en mati\u00e8re de traitement des d\u00e9chets agricoles, r\u00e9utilisation des d\u00e9chets agricoles trait\u00e9s \u00e0 des fins agricoles, avantages environnementaux, sociaux et \u00e9conomiques, d\u00e9veloppement agricole, pratiques culturales alternatives, pr\u00e9servation des ressources naturelles, production de produits agricoles s\u00e9curis\u00e9s et de haute qualit\u00e9, d\u00e9bouch\u00e9s commerciaux pour les produits agricoles g\u00e9n\u00e9r\u00e9s avec des pratiques alternatives, ainsi que sur d\u2019autres questions environnementales connexes, li\u00e9es \u00e0 la r\u00e9utilisation des d\u00e9chets en agriculture.<\/p>\n<p>Par ailleurs, dans le cadre des actions pilotes 5 et 6, il est pr\u00e9vu de visiter en Espagne et en Italie les sites de d\u00e9monstration pilotes mises en place par des agriculteurs, des producteurs et autres parties prenantes (p.ex. fournisseurs d\u2019engrais, soci\u00e9t\u00e9s de gestion des d\u00e9chets, repr\u00e9sentants des autorit\u00e9s locales et r\u00e9gionales et des services de l\u2019Etat). Du mat\u00e9riel d\u2019information sera distribu\u00e9 aux participants.<\/p>\n<p>En outre, les r\u00e9sultats du projet seront \u00e9galement pr\u00e9sent\u00e9s dans des revues scientifiques et des communiqu\u00e9s de presse. Des pliants et des brochures seront \u00e9galement produits et distribu\u00e9s.<\/p>\n<p><span style=\"text-decoration: underline;\">B. Diss\u00e9mination au sein de l\u2019Union europ\u00e9enne <\/span><\/p>\n<p>Un colloque sera organis\u00e9 en Belgique au cours de la derni\u00e8re ann\u00e9e du projet afin de pr\u00e9senter d\u2019une part les r\u00e9sultats des actions pilotes 5 et 6, ainsi que les technologies propos\u00e9es, et d\u2019autre part, des propositions de mesures l\u00e9gislatives \u00e0 mettre en \u0153uvre au niveau national et europ\u00e9en en mati\u00e8re d\u2019utilisation durable des d\u00e9chets agricoles en agriculture.<\/p>\n<p><span style=\"text-decoration: underline;\">C. Diss\u00e9mination aupr\u00e8s des autorit\u00e9s espagnoles, italiennes et grecques <\/span><\/p>\n<p>Les membres des comit\u00e9s scientifiques du projet et les repr\u00e9sentants des actions 8 et 9 pr\u00e9senteront aupr\u00e8s des autorit\u00e9s espagnoles, italiennes et grecques le rapport final du projet, accompagn\u00e9 des mesures et actions indispensables \u00e0 mettre en \u0153uvre pour favoriser la gestion durable des d\u00e9chets agricoles et leur utilisation \u00e0 des fins agricoles. Ce rapport, r\u00e9dig\u00e9 en six langues, sera distribu\u00e9 aux autorit\u00e9s comp\u00e9tentes. Par ailleurs, des r\u00e9unions d\u2019information seront organis\u00e9es pour pr\u00e9senter et expliquer les conclusions du projet aux d\u00e9cideurs politiques charg\u00e9s de l\u2019\u00e9laboration de la politique agricole et environnementale.<\/p>\n<p><span style=\"text-decoration: underline;\">D. Diss\u00e9mination \u00e0 l\u2019\u00e9chelle mondiale <\/span><\/p>\n<ul>\n<li>Cr\u00e9ation d\u2019un site Internet comprenant un espace permettant l\u2019\u00e9change de points de vue et de connaissances.<\/li>\n<li>Publications dans des revues scientifiques internationales<\/li>\n<li>Communications dans le cadre de conf\u00e9rences scientifiques internationales<\/li>\n<\/ul>\n","protected":false},"excerpt":{"rendered":"<p>Entit\u00e9 charg\u00e9e de la mise en oeuvre: Signosis Sprl. Le plan de diffusion\/diss\u00e9mination des r\u00e9sultats se d\u00e9roulera sur 4 ans, sur l\u2019ensemble donc de la dur\u00e9e du projet. Cette action a pour but de diffuser les r\u00e9sultats du projet, afin que les r\u00e9alisations et les connaissances acquises soient mises \u00e0 la disposition de tous les [&hellip;]<\/p>\n","protected":false},"author":1,"featured_media":0,"parent":35,"menu_order":0,"comment_status":"open","ping_status":"closed","template":"","meta":[],"_links":{"self":[{"href":"https:\/\/fr.wastereuse.eu\/index.php?rest_route=\/wp\/v2\/pages\/150"}],"collection":[{"href":"https:\/\/fr.wastereuse.eu\/index.php?rest_route=\/wp\/v2\/pages"}],"about":[{"href":"https:\/\/fr.wastereuse.eu\/index.php?rest_route=\/wp\/v2\/types\/page"}],"author":[{"embeddable":true,"href":"https:\/\/fr.wastereuse.eu\/index.php?rest_route=\/wp\/v2\/users\/1"}],"replies":[{"embeddable":true,"href":"https:\/\/fr.wastereuse.eu\/index.php?rest_route=%2Fwp%2Fv2%2Fcomments&post=150"}],"version-history":[{"count":4,"href":"https:\/\/fr.wastereuse.eu\/index.php?rest_route=\/wp\/v2\/pages\/150\/revisions"}],"predecessor-version":[{"id":327,"href":"https:\/\/fr.wastereuse.eu\/index.php?rest_route=\/wp\/v2\/pages\/150\/revisions\/327"}],"up":[{"embeddable":true,"href":"https:\/\/fr.wastereuse.eu\/index.php?rest_route=\/wp\/v2\/pages\/35"}],"wp:attachment":[{"href":"https:\/\/fr.wastereuse.eu\/index.php?rest_route=%2Fwp%2Fv2%2Fmedia&parent=150"}],"curies":[{"name":"wp","href":"https:\/\/api.w.org\/{rel}","templated":true}]}}