{"id":142,"date":"2011-11-18T01:57:15","date_gmt":"2011-11-18T01:57:15","guid":{"rendered":"http:\/\/www.signosis.openworks.gr\/wastereuse\/?page_id=142"},"modified":"2013-09-29T22:24:26","modified_gmt":"2013-09-29T22:24:26","slug":"action-8-use-of-treated-aw-in-agriculture-%e2%80%93-terms-and-conditions","status":"publish","type":"page","link":"https:\/\/fr.wastereuse.eu\/?page_id=142","title":{"rendered":"ACTION 8 : utilisation de d\u00e9chets agricoles trait\u00e9s en agriculture &#8211; termes et conditions"},"content":{"rendered":"<p>Entit\u00e9 charg\u00e9e de la mise en \u0153uvre: <span style=\"text-decoration: underline;\">Signosis Sprl.<\/span><\/p>\n<p>Dans le cadre de cette action fondamentale du projet, tous les livrables et les donn\u00e9es issus des actions pr\u00e9c\u00e9dentes seront recueillis et \u00e9valu\u00e9s afin d\u2019\u00e9laborer une strat\u00e9gie int\u00e9gr\u00e9e sur l\u2019utilisation des d\u00e9chets agricoles trait\u00e9s, et \u00e9ventuellement non trait\u00e9s, dans la production agricole.<\/p>\n<p>L\u2019action pr\u00e9voit \u00e9galement une \u00e9valuation de l\u2019application les technologies de traitement des d\u00e9chets agricoles, d\u00e9velopp\u00e9es avec l\u2019appui de fonds europ\u00e9ens, une \u00e9valuation des avantages que g\u00e9n\u00e8rent celles-ci pour l\u2019environnement et l\u2019agriculture, ainsi que l\u2019examen du cadre juridique communautaire et national des pays europ\u00e9ens de la M\u00e9diterran\u00e9e en mati\u00e8re de d\u00e9chets agricoles, ayant en vue de pr\u00e9senter ult\u00e9rieurement des propositions \u00e0 cet \u00e9gard aux instances comp\u00e9tentes.<\/p>\n","protected":false},"excerpt":{"rendered":"<p>Entit\u00e9 charg\u00e9e de la mise en \u0153uvre: Signosis Sprl. Dans le cadre de cette action fondamentale du projet, tous les livrables et les donn\u00e9es issus des actions pr\u00e9c\u00e9dentes seront recueillis et \u00e9valu\u00e9s afin d\u2019\u00e9laborer une strat\u00e9gie int\u00e9gr\u00e9e sur l\u2019utilisation des d\u00e9chets agricoles trait\u00e9s, et \u00e9ventuellement non trait\u00e9s, dans la production agricole. L\u2019action pr\u00e9voit \u00e9galement une [&hellip;]<\/p>\n","protected":false},"author":1,"featured_media":0,"parent":35,"menu_order":0,"comment_status":"open","ping_status":"closed","template":"","meta":[],"_links":{"self":[{"href":"https:\/\/fr.wastereuse.eu\/index.php?rest_route=\/wp\/v2\/pages\/142"}],"collection":[{"href":"https:\/\/fr.wastereuse.eu\/index.php?rest_route=\/wp\/v2\/pages"}],"about":[{"href":"https:\/\/fr.wastereuse.eu\/index.php?rest_route=\/wp\/v2\/types\/page"}],"author":[{"embeddable":true,"href":"https:\/\/fr.wastereuse.eu\/index.php?rest_route=\/wp\/v2\/users\/1"}],"replies":[{"embeddable":true,"href":"https:\/\/fr.wastereuse.eu\/index.php?rest_route=%2Fwp%2Fv2%2Fcomments&post=142"}],"version-history":[{"count":4,"href":"https:\/\/fr.wastereuse.eu\/index.php?rest_route=\/wp\/v2\/pages\/142\/revisions"}],"predecessor-version":[{"id":329,"href":"https:\/\/fr.wastereuse.eu\/index.php?rest_route=\/wp\/v2\/pages\/142\/revisions\/329"}],"up":[{"embeddable":true,"href":"https:\/\/fr.wastereuse.eu\/index.php?rest_route=\/wp\/v2\/pages\/35"}],"wp:attachment":[{"href":"https:\/\/fr.wastereuse.eu\/index.php?rest_route=%2Fwp%2Fv2%2Fmedia&parent=142"}],"curies":[{"name":"wp","href":"https:\/\/api.w.org\/{rel}","templated":true}]}}