{"id":128,"date":"2011-11-18T01:53:56","date_gmt":"2011-11-18T01:53:56","guid":{"rendered":"http:\/\/www.signosis.openworks.gr\/wastereuse\/?page_id=128"},"modified":"2013-09-29T22:23:40","modified_gmt":"2013-09-29T22:23:40","slug":"action-3-development-of-alternative-agricultural-practices-lab-experiments-spain","status":"publish","type":"page","link":"https:\/\/fr.wastereuse.eu\/?page_id=128","title":{"rendered":"ACTION 3 : d\u00e9veloppement de pratiques agricoles alternatives  &#8211; Des exp\u00e9rimentations en laboratoire"},"content":{"rendered":"<p>Entit\u00e9 charg\u00e9e de la mise en oeuvre: <span style=\"text-decoration: underline;\">Centro de Edafolog\u00eda y Biolog\u00eda Aplicada del Segura<\/span><\/p>\n<p>Cette action comprend des exp\u00e9riences en laboratoire visant \u00e0 \u00e9valuer les d\u00e9chets (liquides, solides, composts) g\u00e9n\u00e9r\u00e9s par diverses technologies de traitement d\u00e9velopp\u00e9es \u00e0 ce jour. Seront \u00e9galement \u00e9valu\u00e9s, l\u2019aptitude de ces d\u00e9chets \u00e0 soutenir efficacement la croissance quantitative et qualitative des esp\u00e8ces v\u00e9g\u00e9tales cultiv\u00e9es, ainsi que les effets probables sur les propri\u00e9t\u00e9s des sols. A partir des r\u00e9sultats exp\u00e9rimentaux, des propositions de pratiques agricoles alternatives seront formul\u00e9es pour les principales cultures espagnoles (l\u00e9gumes et c\u00e9r\u00e9ales). Cette action comprend les activit\u00e9s suivantes :<\/p>\n<ol>\n<li><span style=\"text-decoration: underline;\">Evaluation des d\u00e9chets en termes d\u2019impact sur le sol et sur la croissance des plantes.<\/span> Des essais seront effectu\u00e9s en laboratoire pour \u00e9valuer les effets de l\u2019utilisation des d\u00e9chets dans le sol \u00e0 des fins agricoles. Divers types de sols seront ainsi \u00e9tudi\u00e9s, sur lesquels seront \u00e9pandus des d\u00e9chets \u00e0 des doses vari\u00e9es, afin de couvrir, dans la mesure du possible, les cultures les plus repr\u00e9sentatives d\u2019Espagne et d\u2019autres pays m\u00e9diterran\u00e9ens. En termes de doses et de types de d\u00e9chets \u00e9pandus, vu la multiplicit\u00e9 des cas de figure, l\u2019\u00e9quipe de recherche se concentrera sur les cas les mieux adapt\u00e9s aux esp\u00e8ces v\u00e9g\u00e9tales qui seront cultiv\u00e9es dans le cadre de l\u2019action pilote respective men\u00e9e en Espagne, notamment les l\u00e9gumes et les c\u00e9r\u00e9ales.<\/li>\n<li><span style=\"text-decoration: underline;\">D\u00e9veloppement de pratiques agricoles alternatives<\/span>. Les r\u00e9sultats de l\u2019\u00e9valuation seront exploit\u00e9s pour le d\u00e9veloppement de pratiques agricoles sp\u00e9cifiques, destin\u00e9es \u00e0 des cultures sp\u00e9cifiques ayant une valeur commerciale consid\u00e9rable pour l\u2019Espagne. Plusieurs param\u00e8tres seront pris en compte, telles les compositions chimiques des d\u00e9chets trait\u00e9s ou non trait\u00e9s, les effets sur les propri\u00e9t\u00e9s du sol et sur la croissance des plantes, le risque de phytotoxicit\u00e9 et les besoins en intrants (eau, nutriments). Par ailleurs, les r\u00e9sultats sur la capacit\u00e9 des diff\u00e9rents types de sols \u00e0 retenir, \u00e0 transf\u00e9rer ou \u00e0 perdre par lixiviation les apports des d\u00e9chets en nutriments seront d\u2019une importance consid\u00e9rable. Ils seront ainsi pris en compte afin d\u2019adapter les pratiques culturales et afin d\u2019\u00e9viter la fertilisation excessive, la perte de nutriments et d\u2019eau, ainsi que la d\u00e9gradation des sols.<\/li>\n<\/ol>\n<p>L\u2019action inclut \u00e9galement l\u2019\u00e9tude et l\u2019\u00e9valuation en laboratoire des d\u00e9chets non trait\u00e9s, notamment en fonction des m\u00e9thodes traditionnelles appliqu\u00e9es par les agriculteurs.<\/p>\n<p>Les membres de l\u2019\u00e9quipe scientifique espagnole sont charg\u00e9s de la collecte et de l\u2019utilisation des d\u00e9chets g\u00e9n\u00e9r\u00e9s en Espagne.<\/p>\n","protected":false},"excerpt":{"rendered":"<p>Entit\u00e9 charg\u00e9e de la mise en oeuvre: Centro de Edafolog\u00eda y Biolog\u00eda Aplicada del Segura Cette action comprend des exp\u00e9riences en laboratoire visant \u00e0 \u00e9valuer les d\u00e9chets (liquides, solides, composts) g\u00e9n\u00e9r\u00e9s par diverses technologies de traitement d\u00e9velopp\u00e9es \u00e0 ce jour. Seront \u00e9galement \u00e9valu\u00e9s, l\u2019aptitude de ces d\u00e9chets \u00e0 soutenir efficacement la croissance quantitative et qualitative [&hellip;]<\/p>\n","protected":false},"author":1,"featured_media":0,"parent":35,"menu_order":0,"comment_status":"open","ping_status":"closed","template":"","meta":[],"_links":{"self":[{"href":"https:\/\/fr.wastereuse.eu\/index.php?rest_route=\/wp\/v2\/pages\/128"}],"collection":[{"href":"https:\/\/fr.wastereuse.eu\/index.php?rest_route=\/wp\/v2\/pages"}],"about":[{"href":"https:\/\/fr.wastereuse.eu\/index.php?rest_route=\/wp\/v2\/types\/page"}],"author":[{"embeddable":true,"href":"https:\/\/fr.wastereuse.eu\/index.php?rest_route=\/wp\/v2\/users\/1"}],"replies":[{"embeddable":true,"href":"https:\/\/fr.wastereuse.eu\/index.php?rest_route=%2Fwp%2Fv2%2Fcomments&post=128"}],"version-history":[{"count":5,"href":"https:\/\/fr.wastereuse.eu\/index.php?rest_route=\/wp\/v2\/pages\/128\/revisions"}],"predecessor-version":[{"id":324,"href":"https:\/\/fr.wastereuse.eu\/index.php?rest_route=\/wp\/v2\/pages\/128\/revisions\/324"}],"up":[{"embeddable":true,"href":"https:\/\/fr.wastereuse.eu\/index.php?rest_route=\/wp\/v2\/pages\/35"}],"wp:attachment":[{"href":"https:\/\/fr.wastereuse.eu\/index.php?rest_route=%2Fwp%2Fv2%2Fmedia&parent=128"}],"curies":[{"name":"wp","href":"https:\/\/api.w.org\/{rel}","templated":true}]}}