{"id":127,"date":"2011-11-18T01:53:35","date_gmt":"2011-11-18T01:53:35","guid":{"rendered":"http:\/\/www.signosis.openworks.gr\/wastereuse\/?page_id=127"},"modified":"2013-09-29T22:23:18","modified_gmt":"2013-09-29T22:23:18","slug":"action-2-initial-assessment-of-existing-aw-treatment-technologies-%e2%80%93-in-progress","status":"publish","type":"page","link":"https:\/\/fr.wastereuse.eu\/?page_id=127","title":{"rendered":"ACTION 2 : \u00e9valuation pr\u00e9liminaire des technologies existantes en mati\u00e8re de traitement des d\u00e9chets agricoles"},"content":{"rendered":"<p>Entit\u00e9 charg\u00e9e de la mise en \u0153uvre : <span style=\"text-decoration: underline;\">Ecole Polytechnique de Cr\u00e8te<\/span><\/p>\n<p>L\u2019objectif consiste \u00e0 recueillir et \u00e9valuer toutes les donn\u00e9es disponibles sur les projets ayant \u00e9t\u00e9 ou \u00e9tant actuellement financ\u00e9s par l\u2019UE, qui visent au d\u00e9veloppement de technologies de traitement des d\u00e9chets agricoles dans la r\u00e9gion m\u00e9diterran\u00e9enne\u00a0; ceci permettra aux acteurs concern\u00e9s de choisir plus facilement des technologies ad\u00e9quates et \u00e0 faible co\u00fbt, respectueuses de l\u2019environnement, qui seront ensuite mises \u00e0 profit dans l\u2019application de pratiques culturales alternatives adapt\u00e9es aux conditions m\u00e9diterran\u00e9ennes. Ces proc\u00e9d\u00e9s seront d\u00e9velopp\u00e9s pour les principales cultures commerciales, \u00e0 fortes exigences en eau d\u2019irrigation.<\/p>\n<p>Toutes les donn\u00e9es qui seront recueillies, seront class\u00e9es en fonction du type de d\u00e9chet g\u00e9n\u00e9r\u00e9, de la technologie de traitement appliqu\u00e9e, de la composition du d\u00e9chet apr\u00e8s traitement, du co\u00fbt d\u2019application de la technologie, des avantages potentiels pour l\u2019environnement, de l\u2019aptitude du d\u00e9chet \u00e0 \u00eatre utilis\u00e9 en agriculture (irrigation et fertilisation). Il est \u00e9galement pr\u00e9vu de r\u00e9aliser une \u00e9valuation pr\u00e9liminaire de l\u2019aptitude d\u2019utilisation de ces d\u00e9chets trait\u00e9s (liquides ou solides). Enfin, des donn\u00e9es seront \u00e9galement recueillies, \u00e9valu\u00e9s et enregistr\u00e9es sur les technologies mises en place par des particuliers (personnes ou entreprises).<\/p>\n","protected":false},"excerpt":{"rendered":"<p>Entit\u00e9 charg\u00e9e de la mise en \u0153uvre : Ecole Polytechnique de Cr\u00e8te L\u2019objectif consiste \u00e0 recueillir et \u00e9valuer toutes les donn\u00e9es disponibles sur les projets ayant \u00e9t\u00e9 ou \u00e9tant actuellement financ\u00e9s par l\u2019UE, qui visent au d\u00e9veloppement de technologies de traitement des d\u00e9chets agricoles dans la r\u00e9gion m\u00e9diterran\u00e9enne\u00a0; ceci permettra aux acteurs concern\u00e9s de choisir [&hellip;]<\/p>\n","protected":false},"author":1,"featured_media":0,"parent":35,"menu_order":0,"comment_status":"open","ping_status":"closed","template":"","meta":[],"_links":{"self":[{"href":"https:\/\/fr.wastereuse.eu\/index.php?rest_route=\/wp\/v2\/pages\/127"}],"collection":[{"href":"https:\/\/fr.wastereuse.eu\/index.php?rest_route=\/wp\/v2\/pages"}],"about":[{"href":"https:\/\/fr.wastereuse.eu\/index.php?rest_route=\/wp\/v2\/types\/page"}],"author":[{"embeddable":true,"href":"https:\/\/fr.wastereuse.eu\/index.php?rest_route=\/wp\/v2\/users\/1"}],"replies":[{"embeddable":true,"href":"https:\/\/fr.wastereuse.eu\/index.php?rest_route=%2Fwp%2Fv2%2Fcomments&post=127"}],"version-history":[{"count":5,"href":"https:\/\/fr.wastereuse.eu\/index.php?rest_route=\/wp\/v2\/pages\/127\/revisions"}],"predecessor-version":[{"id":322,"href":"https:\/\/fr.wastereuse.eu\/index.php?rest_route=\/wp\/v2\/pages\/127\/revisions\/322"}],"up":[{"embeddable":true,"href":"https:\/\/fr.wastereuse.eu\/index.php?rest_route=\/wp\/v2\/pages\/35"}],"wp:attachment":[{"href":"https:\/\/fr.wastereuse.eu\/index.php?rest_route=%2Fwp%2Fv2%2Fmedia&parent=127"}],"curies":[{"name":"wp","href":"https:\/\/api.w.org\/{rel}","templated":true}]}}