{"id":126,"date":"2011-11-18T01:52:05","date_gmt":"2011-11-18T01:52:05","guid":{"rendered":"http:\/\/www.signosis.openworks.gr\/wastereuse\/?page_id=126"},"modified":"2013-09-29T22:22:27","modified_gmt":"2013-09-29T22:22:27","slug":"action-1-project-management-by-tuc-%e2%80%93-in-progress","status":"publish","type":"page","link":"https:\/\/fr.wastereuse.eu\/?page_id=126","title":{"rendered":"ACTION 1 : Gestion du Projet"},"content":{"rendered":"<p>&nbsp;<\/p>\n<p>Entit\u00e9 charg\u00e9e de la mise en \u0153uvre : <span style=\"text-decoration: underline;\">Ecole Polytechnique de Cr\u00e8te<\/span><\/p>\n<p>Elle comprend l\u2019ensemble des actions (administratives, techniques et \u00e9conomiques) qui assurent une gestion efficace du projet. La figure 1 illustre la structure de gestion du projet :<\/p>\n<p style=\"text-align: center;\"><img decoding=\"async\" loading=\"lazy\" class=\"aligncenter size-medium wp-image-130\" title=\"act1\" src=\"http:\/\/www.wastereuse.eu\/wp-content\/uploads\/2011\/11\/act1.jpg\" alt=\"\" width=\"480\" height=\"356\" srcset=\"https:\/\/fr.wastereuse.eu\/wp-content\/uploads\/2011\/11\/act1.jpg 1278w, https:\/\/fr.wastereuse.eu\/wp-content\/uploads\/2011\/11\/act1-300x222.jpg 300w, https:\/\/fr.wastereuse.eu\/wp-content\/uploads\/2011\/11\/act1-1024x758.jpg 1024w\" sizes=\"(max-width: 480px) 100vw, 480px\" \/><\/p>\n<p><strong>Gestion du Projet (Ecole Polytechnique de Cr\u00e8te)<\/strong><\/p>\n<p><strong>Coordinateur\u00a0: Prof\u00a0. K. Komnitsas<\/strong><\/p>\n<p><strong>\u00a0Coordinateur administratif <\/strong><\/p>\n<p><strong>\u00a0Coordinateur financier<\/strong><\/p>\n<p><strong>\u00a0Actions 1, 2, 7,11<\/strong><\/p>\n<p><strong>Op\u00e9rateur : Ecole Polytechnique de Cr\u00e8te)<\/strong><\/p>\n<p><strong>\u00a0Actions 3, 5<\/strong><\/p>\n<p><strong>Op\u00e9rateur : CEBAS <\/strong><\/p>\n<p><strong>\u00a0Action 6<\/strong><\/p>\n<p><strong>Op\u00e9rateur\u00a0: CERSAA<\/strong><\/p>\n<p><strong>\u00a0Action 4 <\/strong><\/p>\n<p><strong>Op\u00e9rateur\u00a0: Laboratorio Chimico CCIAA<\/strong><\/p>\n<p><strong>\u00a0Actions 8, 9, 10, 12 <\/strong><\/p>\n<p><strong>Op\u00e9rateur\u00a0: Signosis Sarl<\/strong><strong><\/strong><\/p>\n<p>Figure 1\u00a0: structure de gestion du projet<\/p>\n","protected":false},"excerpt":{"rendered":"<p>&nbsp; Entit\u00e9 charg\u00e9e de la mise en \u0153uvre : Ecole Polytechnique de Cr\u00e8te Elle comprend l\u2019ensemble des actions (administratives, techniques et \u00e9conomiques) qui assurent une gestion efficace du projet. La figure 1 illustre la structure de gestion du projet : Gestion du Projet (Ecole Polytechnique de Cr\u00e8te) Coordinateur\u00a0: Prof\u00a0. K. Komnitsas \u00a0Coordinateur administratif \u00a0Coordinateur financier [&hellip;]<\/p>\n","protected":false},"author":1,"featured_media":0,"parent":35,"menu_order":0,"comment_status":"open","ping_status":"open","template":"","meta":[],"_links":{"self":[{"href":"https:\/\/fr.wastereuse.eu\/index.php?rest_route=\/wp\/v2\/pages\/126"}],"collection":[{"href":"https:\/\/fr.wastereuse.eu\/index.php?rest_route=\/wp\/v2\/pages"}],"about":[{"href":"https:\/\/fr.wastereuse.eu\/index.php?rest_route=\/wp\/v2\/types\/page"}],"author":[{"embeddable":true,"href":"https:\/\/fr.wastereuse.eu\/index.php?rest_route=\/wp\/v2\/users\/1"}],"replies":[{"embeddable":true,"href":"https:\/\/fr.wastereuse.eu\/index.php?rest_route=%2Fwp%2Fv2%2Fcomments&post=126"}],"version-history":[{"count":8,"href":"https:\/\/fr.wastereuse.eu\/index.php?rest_route=\/wp\/v2\/pages\/126\/revisions"}],"predecessor-version":[{"id":318,"href":"https:\/\/fr.wastereuse.eu\/index.php?rest_route=\/wp\/v2\/pages\/126\/revisions\/318"}],"up":[{"embeddable":true,"href":"https:\/\/fr.wastereuse.eu\/index.php?rest_route=\/wp\/v2\/pages\/35"}],"wp:attachment":[{"href":"https:\/\/fr.wastereuse.eu\/index.php?rest_route=%2Fwp%2Fv2%2Fmedia&parent=126"}],"curies":[{"name":"wp","href":"https:\/\/api.w.org\/{rel}","templated":true}]}}